{"id":12922331,"date":"2016-02-15T23:00:39","date_gmt":"2016-02-15T23:00:39","guid":{"rendered":"https:\/\/agencia-asturias.com\/homepage-with-map-2-2\/"},"modified":"2025-12-18T08:47:48","modified_gmt":"2025-12-18T07:47:48","slug":"homepage-with-map-2-2","status":"publish","type":"page","link":"https:\/\/agencia-asturias.com\/de\/","title":{"rendered":"Start"},"content":{"rendered":"<div class=\"wpb-content-wrapper\"><p>[vc_row][vc_column][vc_empty_space height=&#8220;30&#8243;][vc_column_text css=&#8220;&#8220;]<\/p>\n<h1 class=\"p1\" style=\"text-align: center;\"><span class=\"s1\"><b><br \/>\nEntdecken Sie Ihren Wohnort<\/b><\/span><\/h1>\n<p>&nbsp;<\/p>\n<p style=\"text-align: center;\">Finden Sie unter dem breiten Angebot an Immobilien, die wir Ihnen zur Verf\u00fcgung stellen, den Ort, an dem Sie leben m\u00f6chten.<\/p>\n<p>[\/vc_column_text][vc_empty_space height=&#8220;15&#8243;][\/vc_column][\/vc_row][vc_row equal_height=&#8220;yes&#8220;][vc_column]\t\t<div class=\"taxonomy-grids-module taxonomy-grids-module-v1\">\r\n    \t\t<div class=\"taxonomy-grids-module-grid\">\r\n\t\t\t\t\t\t\t\t\t\t<div class=\"taxonomy-item-square\">\r\n\t\t\t\t\t\t\t<div class=\"taxonomy-item \" style=\"background-image: url(https:\/\/agencia-asturias.com\/wp-content\/uploads\/2020\/04\/houzez-header-2.jpg);\">\r\n\t\t\t\t\t\t\t\t<a class=\"taxonomy-link hover-effect-flat\" href=\"https:\/\/agencia-asturias.com\/de\/tipo\/wohnung\/\">\r\n\t\t\t\t\t\t\t\t\t<div class=\"taxonomy-text-wrap\">\r\n\t\t\t\t\t\t\t\t\t\t<div class=\"taxonomy-title\">Wohnung<\/div>\r\n\t\t\t\t\t\t\t\t\t\t\t\t\t\t\t\t\t\t\t\t\t<div class=\"taxonomy-subtitle\">\r\n\t\t\t\t\t\t\t\t\t\t\t\t87\t\t\t\t\t\t\t\t\t\t\t\tPropiedades\t\t\t\t\t\t\t\t\t\t\t<\/div>\r\n\t\t\t\t\t\t\t\t\t\t\t\t\t\t\t\t\t\t\t<\/div><!-- taxonomy-text-wrap -->\r\n\t\t\t\t\t\t\t\t<\/a>\r\n\t\t\t\t\t\t\t<\/div>\r\n\t\t\t\t\t\t<\/div>\r\n\t\t\t\t\t\t\t\t\t\t\t\t<div class=\"taxonomy-item-rectangle\">\r\n\t\t\t\t\t\t\t<div class=\"taxonomy-item \" style=\"background-image: url(https:\/\/agencia-asturias.com\/wp-content\/uploads\/revslider\/for-sale\/houzez-header-3.jpg);\">\r\n\t\t\t\t\t\t\t\t<a class=\"taxonomy-link hover-effect-flat\" href=\"https:\/\/agencia-asturias.com\/de\/tipo\/haus\/\">\r\n\t\t\t\t\t\t\t\t\t<div class=\"taxonomy-text-wrap\">\r\n\t\t\t\t\t\t\t\t\t\t<div class=\"taxonomy-title\">Haus<\/div>\r\n\t\t\t\t\t\t\t\t\t\t\t\t\t\t\t\t\t\t\t\t\t<div class=\"taxonomy-subtitle\">\r\n\t\t\t\t\t\t\t\t\t\t\t\t29\t\t\t\t\t\t\t\t\t\t\t\tPropiedades\t\t\t\t\t\t\t\t\t\t\t<\/div>\r\n\t\t\t\t\t\t\t\t\t\t\t\t\t\t\t\t\t\t\t<\/div><!-- taxonomy-text-wrap -->\r\n\t\t\t\t\t\t\t\t<\/a>\r\n\t\t\t\t\t\t\t<\/div>\r\n\t\t\t\t\t\t<\/div>\r\n\t\t\t\t\t\t\t\t\t<\/div>\r\n\t\t<\/div>\r\n\t\t[\/vc_column][\/vc_row][vc_row full_width=&#8220;stretch_row&#8220; css=&#8220;.vc_custom_1465151351049{background-color: #ffffff !important;}&#8220;][vc_column offset=&#8220;vc_hidden-xs&#8220;][vc_column_text css=&#8220;&#8220;]<\/p>\n<h1 class=\"p1\" style=\"text-align: center;\">Dienstleistungen<\/h1>\n<p style=\"text-align: center;\">Die Werte des Unternehmens sind in all den Jahren fest geblieben: Ehrlichkeit, Integrit\u00e4t, Professionalit\u00e4t, Erfahrung, Sicherheit, Vertrauen und N\u00e4he. Unsere Mission ist es, einen personalisierten und qualitativ hochwertigen Immobilienservice anzubieten.<\/p>\n<p>[\/vc_column_text][vc_empty_space height=&#8220;15&#8243;][vc_row_inner][vc_column_inner width=&#8220;1\/2&#8243; offset=&#8220;vc_hidden-xs&#8220;][vc_column_text css=&#8220;&#8220;]<\/p>\n<h2 class=\"p1\" style=\"text-align: left;\">Neubau<\/h2>\n<p style=\"text-align: left;\">Das Marketing-Engagement umfasst alle notwendigen Schritte, die von der vorherigen Machbarkeitsstudie bis zur vollst\u00e4ndigen Verwaltung der Immobilienentwicklung durchgef\u00fchrt werden m\u00fcssen. <a href=\"https:\/\/agencia-asturias.com\/de\/dienstleistungen\/neubau\/\">Mehr sehen&#8230;<\/a><\/p>\n<p>[\/vc_column_text][vc_column_text css=&#8220;&#8220;]<\/p>\n<h2 class=\"p1\" style=\"text-align: left;\">Immobilienbewertung<\/h2>\n<p>Wir verf\u00fcgen \u00fcber Immobilienmakler, die dem College der Immobilienmakler des F\u00fcrstentums Asturien angeh\u00f6ren. Diese Makler erstellen offizielle Immobilienbewertungs- und Bewertungsberichte, basierend auf den aktuellen Marktwerten aller Arten von Immobilien. <a href=\"https:\/\/agencia-asturias.com\/de\/dienstleistungen\/bewertung\/\">Mehr sehen&#8230;<\/a>[\/vc_column_text][vc_column_text css=&#8220;&#8220;]<\/p>\n<h2 class=\"p1\" style=\"text-align: left;\">Energiezertifizierung<\/h2>\n<p style=\"text-align: left;\">Der Energieausweis ist das Dokument, das die Energieeffizienz einer Immobilie beschreibt und das seit dem 1. Juni 2013 jedes Haus, Grundst\u00fcck, B\u00fcro oder Geb\u00e4ude f\u00fcr den Verkauf oder die Vermietung ben\u00f6tigt. <a href=\"https:\/\/agencia-asturias.com\/de\/dienstleistungen\/energiezertifizierung\/\">Mehr sehen&#8230;<\/a><\/p>\n<p>[\/vc_column_text][\/vc_column_inner][vc_column_inner width=&#8220;1\/2&#8243; offset=&#8220;vc_hidden-xs&#8220;]<div style=\"clear:both; width:100%; height:45px\"><\/div>[vc_single_image image=&#8220;2771625&#8243; img_size=&#8220;full&#8220; alignment=&#8220;center&#8220;][\/vc_column_inner][\/vc_row_inner][vc_row_inner][vc_column_inner width=&#8220;1\/2&#8243; offset=&#8220;vc_hidden-xs&#8220;]<div style=\"clear:both; width:100%; height:45px\"><\/div>[vc_single_image image=&#8220;2780904&#8243; img_size=&#8220;full&#8220; alignment=&#8220;center&#8220;][\/vc_column_inner][vc_column_inner width=&#8220;1\/2&#8243; offset=&#8220;vc_hidden-xs&#8220;][vc_column_text css=&#8220;&#8220;]<\/p>\n<h2 class=\"p1\" style=\"text-align: right;\">Immobilienverwaltung<\/h2>\n<p style=\"text-align: right;\">Ein Expertenteam f\u00fcr Immobilien-Asset-Management \u00fcbernimmt die komplette Verwaltung der Immobilienverwaltung und erm\u00f6glicht Ihnen die Erzielung und den Genuss h\u00f6chster Rentabilit\u00e4t bei maximaler Sicherheit. <a href=\"https:\/\/agencia-asturias.com\/de\/dienstleistungen\/immobilienverwaltung\/\">Mehr sehen&#8230;<\/a><\/p>\n<p>[\/vc_column_text][vc_column_text css=&#8220;&#8220;]<\/p>\n<h2 class=\"p1\" style=\"text-align: right;\">Verk\u00e4uferleitfaden<\/h2>\n<p style=\"text-align: right;\">Wenn Sie eine Immobilie besitzen und \u00fcber den Verkauf nachdenken, helfen wir Ihnen gerne dabei und pr\u00fcfen alle M\u00f6glichkeiten, damit Sie dies ohne Angst vor Fehlern tun k\u00f6nnen &#8230; denn f\u00fcr uns ist Ihre Sicherheit von unsch\u00e4tzbarem Wert. <a href=\"https:\/\/agencia-asturias.com\/de\/dienstleistungen\/verkauferleitfaden\/\">Mehr sehen&#8230;<\/a><\/p>\n<p>[\/vc_column_text][vc_column_text css=&#8220;&#8220;]<\/p>\n<h2 class=\"p1\" style=\"text-align: right;\">Umfassendes Mietmanagement<\/h2>\n<p style=\"text-align: right;\">\u00a0Wenn Sie kein Risiko eingehen wollen, wenn Sie keine Zeit haben, wenn Sie maximale Rentabilit\u00e4t anstreben, k\u00f6nnen wir Ihnen helfen, damit diese Vermietung ein profitabler Vorgang wird und kein Problem darstellt. <a href=\"https:\/\/agencia-asturias.com\/de\/dienstleistungen\/umfassendes-mietmanagement\/\">Mehr sehen&#8230;<\/a><\/p>\n<p>[\/vc_column_text][\/vc_column_inner][\/vc_row_inner][\/vc_column][\/vc_row]<\/p>\n<\/div>","protected":false},"excerpt":{"rendered":"<p>[vc_row][vc_column][vc_empty_space height=&#8220;30&#8243;][vc_column_text css=&#8220;&#8220;] Entdecken Sie Ihren Wohnort &nbsp; Finden Sie unter dem breiten Angebot an Immobilien, die wir Ihnen zur Verf\u00fcgung stellen, den Ort, an dem Sie leben m\u00f6chten. [\/vc_column_text][vc_empty_space height=&#8220;15&#8243;][\/vc_column][\/vc_row][vc_row equal_height=&#8220;yes&#8220;][vc_column][\/vc_column][\/vc_row][vc_row full_width=&#8220;stretch_row&#8220; css=&#8220;.vc_custom_1465151351049{background-color: #ffffff !important;}&#8220;][vc_column offset=&#8220;vc_hidden-xs&#8220;][vc_column_text css=&#8220;&#8220;] Dienstleistungen Die Werte des Unternehmens sind in all den Jahren fest geblieben: Ehrlichkeit, Integrit\u00e4t, Professionalit\u00e4t, Erfahrung, Sicherheit, [&hellip;]<\/p>\n","protected":false},"author":1,"featured_media":0,"parent":0,"menu_order":0,"comment_status":"closed","ping_status":"closed","template":"template\/template-homepage.php","meta":{"footnotes":""},"class_list":["post-12922331","page","type-page","status-publish","hentry"],"_links":{"self":[{"href":"https:\/\/agencia-asturias.com\/de\/wp-json\/wp\/v2\/pages\/12922331","targetHints":{"allow":["GET"]}}],"collection":[{"href":"https:\/\/agencia-asturias.com\/de\/wp-json\/wp\/v2\/pages"}],"about":[{"href":"https:\/\/agencia-asturias.com\/de\/wp-json\/wp\/v2\/types\/page"}],"author":[{"embeddable":true,"href":"https:\/\/agencia-asturias.com\/de\/wp-json\/wp\/v2\/users\/1"}],"replies":[{"embeddable":true,"href":"https:\/\/agencia-asturias.com\/de\/wp-json\/wp\/v2\/comments?post=12922331"}],"version-history":[{"count":7,"href":"https:\/\/agencia-asturias.com\/de\/wp-json\/wp\/v2\/pages\/12922331\/revisions"}],"predecessor-version":[{"id":15743911,"href":"https:\/\/agencia-asturias.com\/de\/wp-json\/wp\/v2\/pages\/12922331\/revisions\/15743911"}],"wp:attachment":[{"href":"https:\/\/agencia-asturias.com\/de\/wp-json\/wp\/v2\/media?parent=12922331"}],"curies":[{"name":"wp","href":"https:\/\/api.w.org\/{rel}","templated":true}]}}