{"id":12922349,"date":"2020-12-18T09:50:11","date_gmt":"2020-12-18T08:50:11","guid":{"rendered":"https:\/\/agencia-asturias.com\/administracion-de-fincas\/"},"modified":"2025-01-30T10:10:30","modified_gmt":"2025-01-30T09:10:30","slug":"administracion-de-fincas","status":"publish","type":"page","link":"https:\/\/agencia-asturias.com\/de\/dienstleistungen\/immobilienverwaltung","title":{"rendered":"Immobilienverwaltung"},"content":{"rendered":"<div class=\"wpb-content-wrapper\"><p>[vc_row css=&#8220;.vc_custom_1608281727153{margin-top: 60px !important;margin-bottom: 60px !important;}&#8220;][vc_column][vc_column_text css=&#8220;&#8220;]<\/p>\n<div class=\"ang-about-wrap\">\n<p><strong>AGENCIA ASTURIAS<\/strong> verf\u00fcgt \u00fcber ein Team von registrierten Immobilienverwaltern und Experten f\u00fcr Immobilien-Asset-Management, die f\u00fcr die komplette Verwaltung der Immobilienverwaltung verantwortlich sind, sodass Sie die h\u00f6chste Rentabilit\u00e4t bei maximaler Sicherheit erzielen und genie\u00dfen k\u00f6nnen.<\/p>\n<p>Zu unseren Verwaltungsdienstleistungen geh\u00f6ren:<\/p>\n<ul class=\"normal\">\n<li>Auswahl des Mieters, Ausarbeitung und Unterzeichnung des Vertrags, Festlegung der Kaution, Erhebung und Aktualisierung der Miete, Auswirkungen von Arbeiten, Steuern usw.<\/li>\n<li>Verwaltung der Zahlung der auf Mietvertr\u00e4ge erhobenen indirekten Steuern (einschlie\u00dflich Mehrwertsteuer und Quellensteuer) sowie die Abwicklung der Steuerpflichten von Grundst\u00fccks- und Erbengemeinschaften usw.<\/li>\n<li>Durchf\u00fchrung von Reparatur- und Verbesserungsarbeiten gem\u00e4\u00df den Kriterien und Anweisungen der Immobilie, einschlie\u00dflich der Bearbeitung von Schadensf\u00e4llen bei Versicherungsgesellschaften.<\/li>\n<li>\u00dcberwachung und \u00dcberwachung der Verpflichtungen aus den Vertragsverh\u00e4ltnissen mit dem Mieter der Immobilie.<\/li>\n<li>Beratung zu allen Problemen oder Vorf\u00e4llen, die w\u00e4hrend der Mietdauer auftreten k\u00f6nnen, um m\u00f6gliche Unstimmigkeiten zwischen Eigent\u00fcmern und Mietern zu vermeiden.<\/li>\n<li>Und im Allgemeinen alle notwendigen Vermittlungen zwischen Immobilie und Mietern, die es Ihnen sorgenfrei erm\u00f6glichen, maximale Rentabilit\u00e4t zu genie\u00dfen.<\/li>\n<\/ul>\n<\/div>\n<p>[\/vc_column_text][\/vc_column][\/vc_row][vc_row full_width=&#8220;stretch_row&#8220; css=&#8220;.vc_custom_1608292261046{background-image: url(http:\/\/agencia-asturias.com\/wp-content\/uploads\/2020\/12\/administracion-fincas.jpg?id=59263) !important;background-position: center !important;background-repeat: no-repeat !important;background-size: cover !important;}&#8220;][vc_column]<div style=\"clear:both; width:100%; height:300px\"><\/div>[\/vc_column][\/vc_row]<\/p>\n<\/div>","protected":false},"excerpt":{"rendered":"<p>[vc_row css=&#8220;.vc_custom_1608281727153{margin-top: 60px !important;margin-bottom: 60px !important;}&#8220;][vc_column][vc_column_text css=&#8220;&#8220;] AGENCIA ASTURIAS verf\u00fcgt \u00fcber ein Team von registrierten Immobilienverwaltern und Experten f\u00fcr Immobilien-Asset-Management, die f\u00fcr die komplette Verwaltung der Immobilienverwaltung verantwortlich sind, sodass Sie die h\u00f6chste Rentabilit\u00e4t bei maximaler Sicherheit erzielen und genie\u00dfen k\u00f6nnen. Zu unseren Verwaltungsdienstleistungen geh\u00f6ren: Auswahl des Mieters, Ausarbeitung und Unterzeichnung des Vertrags, Festlegung der [&hellip;]<\/p>\n","protected":false},"author":2,"featured_media":0,"parent":12922398,"menu_order":0,"comment_status":"closed","ping_status":"closed","template":"template\/template-homepage.php","meta":{"footnotes":""},"class_list":["post-12922349","page","type-page","status-publish","hentry"],"_links":{"self":[{"href":"https:\/\/agencia-asturias.com\/de\/wp-json\/wp\/v2\/pages\/12922349","targetHints":{"allow":["GET"]}}],"collection":[{"href":"https:\/\/agencia-asturias.com\/de\/wp-json\/wp\/v2\/pages"}],"about":[{"href":"https:\/\/agencia-asturias.com\/de\/wp-json\/wp\/v2\/types\/page"}],"author":[{"embeddable":true,"href":"https:\/\/agencia-asturias.com\/de\/wp-json\/wp\/v2\/users\/2"}],"replies":[{"embeddable":true,"href":"https:\/\/agencia-asturias.com\/de\/wp-json\/wp\/v2\/comments?post=12922349"}],"version-history":[{"count":1,"href":"https:\/\/agencia-asturias.com\/de\/wp-json\/wp\/v2\/pages\/12922349\/revisions"}],"predecessor-version":[{"id":12922354,"href":"https:\/\/agencia-asturias.com\/de\/wp-json\/wp\/v2\/pages\/12922349\/revisions\/12922354"}],"up":[{"embeddable":true,"href":"https:\/\/agencia-asturias.com\/de\/wp-json\/wp\/v2\/pages\/12922398"}],"wp:attachment":[{"href":"https:\/\/agencia-asturias.com\/de\/wp-json\/wp\/v2\/media?parent=12922349"}],"curies":[{"name":"wp","href":"https:\/\/api.w.org\/{rel}","templated":true}]}}