{"id":12922365,"date":"2020-12-18T10:38:53","date_gmt":"2020-12-18T09:38:53","guid":{"rendered":"https:\/\/agencia-asturias.com\/gestion-integral-del-alquiler\/"},"modified":"2025-01-30T10:23:37","modified_gmt":"2025-01-30T09:23:37","slug":"gestion-integral-del-alquiler","status":"publish","type":"page","link":"https:\/\/agencia-asturias.com\/de\/dienstleistungen\/umfassendes-mietmanagement\/","title":{"rendered":"Umfassendes Mietmanagement"},"content":{"rendered":"<div class=\"wpb-content-wrapper\"><p>[vc_row css=&#8220;.vc_custom_1608283946737{margin-top: 60px !important;}&#8220;][vc_column][vc_column_text css=&#8220;.vc_custom_1738153273987{padding-bottom: 20px !important;}&#8220;]<\/p>\n<div class=\"uk-width-large-10-10 uk-width-medium-1-1\">\n<h3>DENKEN SIE \u00dcBER EINE MIETE NACH?<\/h3>\n<p><strong>Bei AGENCIA ASTURIAS<\/strong> verf\u00fcgen wir \u00fcber eine Immobilienverwaltungsabteilung f\u00fcr die umfassende <strong>Mietverwaltung. Deshalb:<\/strong><\/p>\n<ul>\n<li>Wenn Sie kein Risiko eingehen und Ihre Immobilie mit voller Garantie vermieten m\u00f6chten,<\/li>\n<li>wenn Sie keine zus\u00e4tzliche Zeit haben und Ihre Freizeit lieber Familie und Freunden widmen m\u00f6chten<\/li>\n<li>Wenn Sie maximale Rentabilit\u00e4t mit minimalen Komplikationen und jederzeitiger Einhaltung der Gesetze erzielen m\u00f6chten<\/li>\n<li>Wenn Sie m\u00f6chten, dass Sie jederzeit von Fachleuten mit mehr als 40 Jahren Erfahrung in der Mietverwaltung begleitet werden, damit Sie beruhigt sein k\u00f6nnen,<\/li>\n<\/ul>\n<\/div>\n<p>[\/vc_column_text][vc_column_text css=&#8220;.vc_custom_1738153303633{padding-bottom: 40px !important;}&#8220;]<\/p>\n<div class=\"uk-width-large-10-10 uk-width-medium-1-1\">\n<h3 style=\"text-align: center;\">..bei AGENCIA ASTURIAS k\u00f6nnen wir Ihnen helfen, damit diese Vermietung ein rentabler Vorgang ist und kein Problem darstellt.<\/h3>\n<\/div>\n<p>[\/vc_column_text][vc_column_text css=&#8220;.vc_custom_1738229014582{padding-bottom: 0px !important;}&#8220;]<\/p>\n<div class=\"uk-width-large-10-10 uk-width-medium-1-1\">\n<h2>Wie k\u00f6nnen wir Ihnen helfen?<\/h2>\n<\/div>\n<p>[\/vc_column_text][\/vc_column][\/vc_row][vc_row css=&#8220;.vc_custom_1608283957112{margin-top: 20px !important;margin-bottom: 60px !important;}&#8220;][vc_column width=&#8220;1\/3&#8243;][vc_column_text css=&#8220;&#8220;]<\/p>\n<div class=\"uk-width-large-1-3\">\n<p>Mit POWERFUL MARKETING TOOLS nutzen wir die aktuellsten Computertools auf dem Markt, neue Technologien und die Pr\u00e4senz in den Medien, um die besten Ergebnisse im Marketing zu erzielen.<\/p>\n<p>Mit EXPERTEN IMMOBILIENMAKLER und VERM\u00d6GENSVERWALTER, die Ihnen jederzeit Sicherheit garantieren.<\/p>\n<\/div>\n<p>[\/vc_column_text][\/vc_column][vc_column width=&#8220;1\/3&#8243;][vc_column_text css=&#8220;&#8220;]<\/p>\n<div class=\"uk-width-large-1-3\">\n<p>Mit GARANTIERTER ERFAHRUNG zur L\u00f6sung aller Arten von Vorf\u00e4llen oder Problemen, die w\u00e4hrend der Mietzeit auftreten, um Ihnen Sorgen zu ersparen.<\/p>\n<p>Durch ZUSAMMENARBEIT mit allen Arten von Fachleuten und Unternehmen, die einen Mehrwert f\u00fcr die Instandhaltung der Immobilie schaffen.<\/p>\n<\/div>\n<p>[\/vc_column_text][\/vc_column][vc_column width=&#8220;1\/3&#8243;][vc_column_text css=&#8220;&#8220;]Mit unseren AKKREDITIERUNGEN, weil wir Mitglied in Berufsverb\u00e4nden und renommierten Verb\u00e4nden sind, die die Sicherheit und Zahlungsf\u00e4higkeit unserer Arbeit garantieren.[\/vc_column_text][\/vc_column][\/vc_row][vc_row full_width=&#8220;stretch_row&#8220; css=&#8220;.vc_custom_1608284156239{background-color: #e3e4e4 !important;}&#8220;][vc_column][vc_column_text css=&#8220;&#8220;]<\/p>\n<h1 style=\"text-align: center;\">12 Schritte<\/h1>\n<h2 style=\"text-align: center;\">die wir im Mietmanagement unternehmen werden<\/h2>\n<p>[\/vc_column_text][\/vc_column][\/vc_row][vc_row][vc_column width=&#8220;1\/2&#8243;][vc_column_text css=&#8220;&#8220;]<strong>HAUSBESICHTIGUNG<\/strong> Wir f\u00fchren eine Besichtigung durch, um die Immobilie kennenzulernen, ihren Zustand zu analysieren und eine optimale Pr\u00e4sentation f\u00fcr ihre Vermarktung vorzuschlagen.<\/p>\n<p><strong>BEWERTUNG<\/strong> Wir f\u00fchren eine Markt- und Wettbewerbsstudie durch, um den angemessenen Preis festzulegen, wobei wir stets auf die Erzielung maximaler Rentabilit\u00e4t achten.<\/p>\n<p><strong>HOME STAGING<\/strong> Wir bereiten das Haus mit der Home Staging-Technik vor und erstellen eine professionelle Fotoreportage, um die Aufmerksamkeit der besten Mieter zu erregen.<\/p>\n<p><strong>MARKETINGKAMPAGNE<\/strong> Wir entwickeln eine Marketingstrategie, um eine gr\u00f6\u00dftm\u00f6gliche Verbreitung \u00fcber Online- und Offline-Medien zu gew\u00e4hrleisten: Schaufenster, Zeitschrift, Internet, Video, soziale Netzwerke&#8230;<\/p>\n<p><strong>MIETERAUSWAHL<\/strong> Sobald wir mehrere Kandidaten haben, helfen wir Ihnen bei der Auswahl des Mieters, indem wir dessen Zahlungsf\u00e4higkeit pr\u00fcfen, und helfen Ihnen auch bei der Aushandlung der Mietbedingungen.<\/p>\n<p><strong>ERFORDERLICHE DOKUMENTATION<\/strong> Wir k\u00fcmmern uns um die Erstellung des Inventars, die Aktualisierung des Energieausweises, den Abschluss einer Nichtzahlungsversicherung und die Ausarbeitung des Mietvertrags mit den vereinbarten Konditionen.[\/vc_column_text][\/vc_column][vc_column width=&#8220;1\/2&#8243;][vc_column_text css=&#8220;&#8220;]<strong>EINKOMMENVERWALTUNG<\/strong> Wir k\u00fcmmern uns um die Erhebung und Aktualisierung der Eink\u00fcnfte, die Verwaltung indirekter Steuern, die Anwendung von Quellensteuern und senden Ihnen eine monatliche Abrechnung der Ausgaben und Einnahmen sowie eine j\u00e4hrliche \u00dcbersicht dar\u00fcber.<\/p>\n<p><strong>BESCHWERDEN UND ST\u00d6RUNGEN<\/strong> Wir k\u00fcmmern uns um alle Arten von Anspr\u00fcchen von Mietern und k\u00fcmmern uns um eventuelle Pannen oder Unf\u00e4lle, die in der Immobilie auftreten, indem wir bis zur L\u00f6sung Kontakt zu den Versicherungsgesellschaften aufnehmen, um unn\u00f6tige Unannehmlichkeiten zu vermeiden.<\/p>\n<p><strong>ABRECHNUNG DER KAUTION<\/strong> Wenn der Mieter das Haus verlassen m\u00f6chte, k\u00fcmmern wir uns um die \u00dcberpr\u00fcfung des Zustands und des Inventars, um die Kaution zu begleichen.<\/p>\n<p><strong>VERTRAGSK\u00dcNDIGUNG<\/strong> Wir bereiten das Dokument f\u00fcr die Schl\u00fcssel\u00fcbergabe und Vertragsk\u00fcndigung vor und \u00e4ndern die Lastschriften der Verbrauchsbelege um.<\/p>\n<p><strong>TUNING<\/strong> Sobald das Haus frei ist, beginnen wir erneut mit dem Aufbau, damit es so kurz wie m\u00f6glich leer steht.<\/p>\n<p><strong>PERS\u00d6NLICHER BERATER<\/strong> Vor, w\u00e4hrend und nach der Vermietung steht Ihnen stets ein professioneller Experte zur Seite, der Ihnen Zeit und Sorgen erspart.[\/vc_column_text][\/vc_column][\/vc_row][vc_row full_width=&#8220;stretch_row&#8220; css=&#8220;.vc_custom_1608292411708{background-image: url(http:\/\/agencia-asturias.com\/wp-content\/uploads\/2020\/12\/gestion-integral.jpg?id=59217) !important;background-position: center !important;background-repeat: no-repeat !important;background-size: cover !important;}&#8220;][vc_column]<div style=\"clear:both; width:100%; height:300px\"><\/div>[\/vc_column][\/vc_row]<\/p>\n<\/div>","protected":false},"excerpt":{"rendered":"<p>[vc_row css=&#8220;.vc_custom_1608283946737{margin-top: 60px !important;}&#8220;][vc_column][vc_column_text css=&#8220;.vc_custom_1738153273987{padding-bottom: 20px !important;}&#8220;] DENKEN SIE \u00dcBER EINE MIETE NACH? Bei AGENCIA ASTURIAS verf\u00fcgen wir \u00fcber eine Immobilienverwaltungsabteilung f\u00fcr die umfassende Mietverwaltung. Deshalb: Wenn Sie kein Risiko eingehen und Ihre Immobilie mit voller Garantie vermieten m\u00f6chten, wenn Sie keine zus\u00e4tzliche Zeit haben und Ihre Freizeit lieber Familie und Freunden widmen m\u00f6chten Wenn [&hellip;]<\/p>\n","protected":false},"author":2,"featured_media":0,"parent":12922398,"menu_order":0,"comment_status":"closed","ping_status":"closed","template":"template\/template-homepage.php","meta":{"footnotes":""},"class_list":["post-12922365","page","type-page","status-publish","hentry"],"_links":{"self":[{"href":"https:\/\/agencia-asturias.com\/de\/wp-json\/wp\/v2\/pages\/12922365","targetHints":{"allow":["GET"]}}],"collection":[{"href":"https:\/\/agencia-asturias.com\/de\/wp-json\/wp\/v2\/pages"}],"about":[{"href":"https:\/\/agencia-asturias.com\/de\/wp-json\/wp\/v2\/types\/page"}],"author":[{"embeddable":true,"href":"https:\/\/agencia-asturias.com\/de\/wp-json\/wp\/v2\/users\/2"}],"replies":[{"embeddable":true,"href":"https:\/\/agencia-asturias.com\/de\/wp-json\/wp\/v2\/comments?post=12922365"}],"version-history":[{"count":2,"href":"https:\/\/agencia-asturias.com\/de\/wp-json\/wp\/v2\/pages\/12922365\/revisions"}],"predecessor-version":[{"id":12949160,"href":"https:\/\/agencia-asturias.com\/de\/wp-json\/wp\/v2\/pages\/12922365\/revisions\/12949160"}],"up":[{"embeddable":true,"href":"https:\/\/agencia-asturias.com\/de\/wp-json\/wp\/v2\/pages\/12922398"}],"wp:attachment":[{"href":"https:\/\/agencia-asturias.com\/de\/wp-json\/wp\/v2\/media?parent=12922365"}],"curies":[{"name":"wp","href":"https:\/\/api.w.org\/{rel}","templated":true}]}}