{"id":12922374,"date":"2020-12-18T10:44:51","date_gmt":"2020-12-18T09:44:51","guid":{"rendered":"https:\/\/agencia-asturias.com\/guia-del-vendedor\/"},"modified":"2025-01-30T10:23:59","modified_gmt":"2025-01-30T09:23:59","slug":"guia-del-vendedor","status":"publish","type":"page","link":"https:\/\/agencia-asturias.com\/de\/dienstleistungen\/verkauferleitfaden\/","title":{"rendered":"Verk\u00e4uferleitfaden"},"content":{"rendered":"<div class=\"wpb-content-wrapper\"><p>[vc_row css=&#8220;.vc_custom_1608283946737{margin-top: 60px !important;}&#8220;][vc_column][vc_column_text css=&#8220;.vc_custom_1738154028111{padding-bottom: 20px !important;}&#8220;]<\/p>\n<h3>DENKEN SIE \u00dcBER EINEN VERKAUF NACH?<\/h3>\n<p>Wenn Sie eine Immobilie besitzen und dar\u00fcber nachdenken, wie Sie durch den Verkauf die h\u00f6chste wirtschaftliche Rendite erzielen k\u00f6nnen, helfen wir Ihnen bei AGENCIA ASTURIAS gerne weiter und pr\u00fcfen alle M\u00f6glichkeiten, damit Sie dies tun k\u00f6nnen, ohne Angst vor Fehlern haben zu m\u00fcssen. . <strong>Denn f\u00fcr uns spielt Ihr Seelenfrieden keine Rolle.<\/strong><\/p>\n<p>Unsere Marktkenntnisse und die in mehr als 40 Jahren T\u00e4tigkeit gesammelte Erfahrung erm\u00f6glichen es uns, Ihnen die Werkzeuge sowie die technischen und menschlichen Mittel anzubieten, die erforderlich sind, um die besten Ergebnisse zu erzielen.<\/p>\n<p><strong>Unser Ziel wird Ihres sein:<\/strong> zum h\u00f6chstm\u00f6glichen Preis, den der Markt zul\u00e4sst, und in der gew\u00fcnschten Zeit zu verkaufen. Wir sind stolz darauf, sagen zu k\u00f6nnen, dass wir das Vertrauen von Kunden mehrerer Generationen genie\u00dfen, und wir haben die feste Verpflichtung, denjenigen, die uns vertrauen, weiterhin Sicherheit zu bieten.[\/vc_column_text][vc_column_text css=&#8220;.vc_custom_1738229033831{padding-bottom: 0px !important;}&#8220;]<\/p>\n<div class=\"uk-width-large-10-10 uk-width-medium-1-1\">\n<h2>Wie k\u00f6nnen wir Ihnen helfen?<\/h2>\n<\/div>\n<p>[\/vc_column_text][\/vc_column][\/vc_row][vc_row css=&#8220;.vc_custom_1608283957112{margin-top: 20px !important;margin-bottom: 60px !important;}&#8220;][vc_column width=&#8220;1\/3&#8243;][vc_column_text css=&#8220;&#8220;]<\/p>\n<div class=\"uk-width-large-1-3\">\n<div class=\"uk-width-large-1-3\">\n<p>Mit POWERFUL MARKETING TOOLS nutzen wir die aktuellsten Computertools auf dem Markt, neue Technologien und die Pr\u00e4senz in den Medien, um die besten Ergebnisse im Marketing zu erzielen.<\/p>\n<p>Mit EXPERTEN IMMOBILIENMAKLER und VERM\u00d6GENSVERWALTER, die Ihnen jederzeit Sicherheit garantieren.<\/p>\n<\/div>\n<\/div>\n<p>[\/vc_column_text][\/vc_column][vc_column width=&#8220;1\/3&#8243;][vc_column_text css=&#8220;&#8220;]<\/p>\n<div class=\"uk-width-large-1-3\">\n<p>Mit GARANTIERTER ERFAHRUNG zur L\u00f6sung aller Arten von Vorf\u00e4llen oder Problemen, die w\u00e4hrend der Mietzeit auftreten, um Ihnen Sorgen zu ersparen.<\/p>\n<p>Durch ZUSAMMENARBEIT mit allen Arten von Fachleuten und Unternehmen, die einen Mehrwert f\u00fcr die Instandhaltung der Immobilie schaffen.<\/p>\n<\/div>\n<p>[\/vc_column_text][\/vc_column][vc_column width=&#8220;1\/3&#8243;][vc_column_text css=&#8220;&#8220;]Mit unseren AKKREDITIERUNGEN, weil wir Mitglied in Berufsverb\u00e4nden und renommierten Verb\u00e4nden sind, die die Sicherheit und Zahlungsf\u00e4higkeit unserer Arbeit garantieren.[\/vc_column_text][\/vc_column][\/vc_row][vc_row full_width=&#8220;stretch_row&#8220; css=&#8220;.vc_custom_1608284156239{background-color: #e3e4e4 !important;}&#8220;][vc_column][vc_column_text css=&#8220;&#8220;]<\/p>\n<h1 style=\"text-align: center;\">12 exklusive Dienstleistungen<\/h1>\n<h2 style=\"text-align: center;\">f\u00fcr exklusive Kunden<\/h2>\n<p>[\/vc_column_text][\/vc_column][\/vc_row][vc_row][vc_column width=&#8220;1\/2&#8243;][vc_column_text css=&#8220;&#8220;]<strong>PERS\u00d6NLICHER BERATER<\/strong> Sie werden von einem Immobilienmakler w\u00e4hrend des gesamten Verkaufsprozesses begleitet und beraten, mit einem individuellen, auf Ihre Bed\u00fcrfnisse zugeschnittenen MARKETINGPLAN.<\/p>\n<p><strong>HAUSBESICHTIGUNG<\/strong> Wir f\u00fchren eine Besichtigung durch, um alle Merkmale Ihrer Immobilie zu erfassen, gegebenenfalls Messungen vorzunehmen und die zu ber\u00fccksichtigenden Details zu notieren.<\/p>\n<p><strong>BEWERTUNG<\/strong> Wir f\u00fchren eine Marktstudie durch, um die Konkurrenz Ihrer Immobilie zu analysieren, und erstellen einen Bericht \u00fcber den empfohlenen Preis nach Stufen entsprechend der Dringlichkeit des Verkaufs.<\/p>\n<p><strong>HOMESTATING<\/strong> Wir erstellen eine umfassende Fotoreportage mit Detailtechniken, um das Beste aus Ihrer Immobilie hervorzuheben und die Aufmerksamkeit von Interessenten zu erregen.<\/p>\n<p><strong>FOTOBERICHT<\/strong> Sobald wir mehrere Kandidaten haben, helfen wir Ihnen bei der Auswahl des Mieters, indem wir dessen Zahlungsf\u00e4higkeit pr\u00fcfen, und helfen Ihnen auch bei der Verhandlung der Mietbedingungen.<\/p>\n<p><strong>SHOWCASE<\/strong> Wir machen Ihr Zuhause in unseren B\u00fcros sichtbar und erleichtern den Zugriff auf unsere Website \u00fcber den QR-Code[\/vc_column_text][\/vc_column][vc_column width=&#8220;1\/2&#8243;][vc_column_text css=&#8220;&#8220;]<strong>INTERNET<\/strong> Wir verbreiten die Immobilie weit \u00fcber unsere eigene Website und die wichtigsten Immobilienportale und positionieren sie auf den Spitzenpl\u00e4tzen von idealista, fotocasa, flats.com usw.<\/p>\n<p><strong>VIRTUELLER BESUCH<\/strong> Wir w\u00e4hlen das am besten geeignete 3D-Tool in unserem Marketingplan aus: Video, 360-Grad-Besuch<\/p>\n<p><strong>K\u00c4UFERPORTFOLIO<\/strong> Wir rufen alle unsere qualifizierten K\u00e4ufer an, die nach dem suchen, was Sie haben, und senden die Informationen \u00fcber Ihre Immobilie per E-Mail an Kunden aus unserem Portfolio, die m\u00f6glicherweise interessiert sind.<\/p>\n<p><strong>NETZWERK VON KOOPERATIONEN<\/strong> Wir senden Ihre Immobilieninformationen in einer Pr\u00e4sentation an unser Netzwerk von Kooperationsagenturen auf lokaler, regionaler und nationaler Ebene.<\/p>\n<p><strong>SOCIAL MEDIA<\/strong> Wir bewerben Ihre Immobilie auf unserem Blog und in den meistgenutzten sozialen Netzwerken wie Facebook, Twitter, Instagram, Google+&#8230;<\/p>\n<p><strong>WERBEKAMPAGNEN<\/strong> Je nach Entwicklung der Marketingkampagne ver\u00f6ffentlichen wir in unserem Magazin, in der Presse, im Radio, per Flyer-Mailing, an Tagen der offenen T\u00fcr&#8230;[\/vc_column_text][\/vc_column][\/vc_row][vc_row full_width=&#8220;stretch_row&#8220; css=&#8220;.vc_custom_1608292474090{background-image: url(http:\/\/agencia-asturias.com\/wp-content\/uploads\/2020\/12\/guia-vendedor.jpg?id=59225) !important;background-position: center !important;background-repeat: no-repeat !important;background-size: cover !important;}&#8220;][vc_column]<div style=\"clear:both; width:100%; height:300px\"><\/div>[\/vc_column][\/vc_row]<\/p>\n<\/div>","protected":false},"excerpt":{"rendered":"<p>[vc_row css=&#8220;.vc_custom_1608283946737{margin-top: 60px !important;}&#8220;][vc_column][vc_column_text css=&#8220;.vc_custom_1738154028111{padding-bottom: 20px !important;}&#8220;] DENKEN SIE \u00dcBER EINEN VERKAUF NACH? Wenn Sie eine Immobilie besitzen und dar\u00fcber nachdenken, wie Sie durch den Verkauf die h\u00f6chste wirtschaftliche Rendite erzielen k\u00f6nnen, helfen wir Ihnen bei AGENCIA ASTURIAS gerne weiter und pr\u00fcfen alle M\u00f6glichkeiten, damit Sie dies tun k\u00f6nnen, ohne Angst vor Fehlern haben zu [&hellip;]<\/p>\n","protected":false},"author":2,"featured_media":0,"parent":12922398,"menu_order":0,"comment_status":"closed","ping_status":"closed","template":"template\/template-homepage.php","meta":{"footnotes":""},"class_list":["post-12922374","page","type-page","status-publish","hentry"],"_links":{"self":[{"href":"https:\/\/agencia-asturias.com\/de\/wp-json\/wp\/v2\/pages\/12922374","targetHints":{"allow":["GET"]}}],"collection":[{"href":"https:\/\/agencia-asturias.com\/de\/wp-json\/wp\/v2\/pages"}],"about":[{"href":"https:\/\/agencia-asturias.com\/de\/wp-json\/wp\/v2\/types\/page"}],"author":[{"embeddable":true,"href":"https:\/\/agencia-asturias.com\/de\/wp-json\/wp\/v2\/users\/2"}],"replies":[{"embeddable":true,"href":"https:\/\/agencia-asturias.com\/de\/wp-json\/wp\/v2\/comments?post=12922374"}],"version-history":[{"count":3,"href":"https:\/\/agencia-asturias.com\/de\/wp-json\/wp\/v2\/pages\/12922374\/revisions"}],"predecessor-version":[{"id":12949161,"href":"https:\/\/agencia-asturias.com\/de\/wp-json\/wp\/v2\/pages\/12922374\/revisions\/12949161"}],"up":[{"embeddable":true,"href":"https:\/\/agencia-asturias.com\/de\/wp-json\/wp\/v2\/pages\/12922398"}],"wp:attachment":[{"href":"https:\/\/agencia-asturias.com\/de\/wp-json\/wp\/v2\/media?parent=12922374"}],"curies":[{"name":"wp","href":"https:\/\/api.w.org\/{rel}","templated":true}]}}