{"id":12922382,"date":"2020-12-18T10:24:00","date_gmt":"2020-12-18T09:24:00","guid":{"rendered":"https:\/\/agencia-asturias.com\/obra-nueva\/"},"modified":"2025-01-30T10:10:41","modified_gmt":"2025-01-30T09:10:41","slug":"obra-nueva","status":"publish","type":"page","link":"https:\/\/agencia-asturias.com\/de\/dienstleistungen\/neubau\/","title":{"rendered":"Neubau"},"content":{"rendered":"<div class=\"wpb-content-wrapper\"><p>[vc_row][vc_column][vc_column_text css=&#8220;.vc_custom_1738154604202{margin-top: 60px !important;margin-bottom: 60px !important;}&#8220;]Agencia Asturias verf\u00fcgt \u00fcber eine umfassende Erfahrung von mehr als 40 Jahren und das durch erfolgreiche professionelle Beziehungen mit Bauunternehmen und Entwicklern aller Ebenen im Immobiliensektor erworbene Ansehen. AGENCIA ASTURIAS sucht nach einer effektiven L\u00f6sung f\u00fcr die Vermarktung von Neubauprojekten Bauwohnungen \u00fcberall in unserer autonomen Gemeinschaft.<\/p>\n<p><strong>Unser Wirkungsbereich umfasst das gesamte F\u00fcrstentum Asturien mit B\u00fcros in Gij\u00f3n und Oviedo. Aufgrund unserer T\u00e4tigkeit und der uns zur Verf\u00fcgung stehenden personellen und technischen Ressourcen verf\u00fcgen wir \u00fcber eine ausreichende Infrastruktur, um neue und im Bau befindliche Wohnsiedlungen mit optimaler Kapazit\u00e4t zu vermarkten.<\/strong>[\/vc_column_text][\/vc_column][\/vc_row][vc_row full_width=&#8220;stretch_row&#8220; css=&#8220;.vc_custom_1608292555250{margin-top: 40px !important;margin-bottom: 20px !important;background-image: url(http:\/\/agencia-asturias.com\/wp-content\/uploads\/2020\/12\/bg-obra-nueva.jpg?id=59210) !important;background-position: center !important;background-repeat: no-repeat !important;background-size: cover !important;}&#8220;][vc_column]<div style=\"clear:both; width:100%; height:300px\"><\/div>[\/vc_column][\/vc_row][vc_row][vc_column][vc_column_text css=&#8220;.vc_custom_1738154659199{margin-top: 20px !important;margin-bottom: 60px !important;}&#8220;]Das Marketing-Engagement umfasst alle notwendigen Schritte, die von der vorherigen Machbarkeitsstudie bis zum vollst\u00e4ndigen Management der Immobilienentwicklung durchgef\u00fchrt werden m\u00fcssen:<\/p>\n<ul>\n<li>Ausgangspunkt ist die reibungslose Kommunikation mit dem Entwicklungsunternehmen und die Erstellung von Berichten, die alle Bem\u00fchungen bescheinigen.<\/li>\n<li>Die als notwendig erachteten Werbema\u00dfnahmen werden koordiniert, um die Rentabilit\u00e4t der zu t\u00e4tigenden Investition zu optimieren, und es wird ausreichend IT- und Kommunikationsunterst\u00fctzung zur Verf\u00fcgung gestellt, um sie abzudecken.<\/li>\n<li>Es werden die Kundenakquise und die Betreuung s\u00e4mtlicher Abl\u00e4ufe mit potenziellen K\u00e4ufern durchgef\u00fchrt, Reservierungsunterlagen und Vertr\u00e4ge erstellt, Zahlungen bis zur Unterzeichnung der Kaufurkunde \u00fcberwacht und die Eigent\u00fcmergemeinschaft gegr\u00fcndet und umgesetzt.<\/li>\n<\/ul>\n<p>Das Siegel der <strong>AGENCIA ASTURIAS<\/strong> bietet Vertrauen, und unsere Arbeit tr\u00e4gt mit <strong>Transparenz und Effizienz<\/strong> zur Entwicklung des Verkaufs von Neuentwicklungen bei, sodass sowohl die Entwicklungsunternehmen als auch unsere Einkaufskunden zufrieden sind.[\/vc_column_text][\/vc_column][\/vc_row]<\/p>\n<\/div>","protected":false},"excerpt":{"rendered":"<p>[vc_row][vc_column][vc_column_text css=&#8220;.vc_custom_1738154604202{margin-top: 60px !important;margin-bottom: 60px !important;}&#8220;]Agencia Asturias verf\u00fcgt \u00fcber eine umfassende Erfahrung von mehr als 40 Jahren und das durch erfolgreiche professionelle Beziehungen mit Bauunternehmen und Entwicklern aller Ebenen im Immobiliensektor erworbene Ansehen. AGENCIA ASTURIAS sucht nach einer effektiven L\u00f6sung f\u00fcr die Vermarktung von Neubauprojekten Bauwohnungen \u00fcberall in unserer autonomen Gemeinschaft. Unser Wirkungsbereich umfasst das [&hellip;]<\/p>\n","protected":false},"author":2,"featured_media":0,"parent":12922398,"menu_order":0,"comment_status":"closed","ping_status":"closed","template":"template\/template-homepage.php","meta":{"footnotes":""},"class_list":["post-12922382","page","type-page","status-publish","hentry"],"_links":{"self":[{"href":"https:\/\/agencia-asturias.com\/de\/wp-json\/wp\/v2\/pages\/12922382","targetHints":{"allow":["GET"]}}],"collection":[{"href":"https:\/\/agencia-asturias.com\/de\/wp-json\/wp\/v2\/pages"}],"about":[{"href":"https:\/\/agencia-asturias.com\/de\/wp-json\/wp\/v2\/types\/page"}],"author":[{"embeddable":true,"href":"https:\/\/agencia-asturias.com\/de\/wp-json\/wp\/v2\/users\/2"}],"replies":[{"embeddable":true,"href":"https:\/\/agencia-asturias.com\/de\/wp-json\/wp\/v2\/comments?post=12922382"}],"version-history":[{"count":2,"href":"https:\/\/agencia-asturias.com\/de\/wp-json\/wp\/v2\/pages\/12922382\/revisions"}],"predecessor-version":[{"id":12922386,"href":"https:\/\/agencia-asturias.com\/de\/wp-json\/wp\/v2\/pages\/12922382\/revisions\/12922386"}],"up":[{"embeddable":true,"href":"https:\/\/agencia-asturias.com\/de\/wp-json\/wp\/v2\/pages\/12922398"}],"wp:attachment":[{"href":"https:\/\/agencia-asturias.com\/de\/wp-json\/wp\/v2\/media?parent=12922382"}],"curies":[{"name":"wp","href":"https:\/\/api.w.org\/{rel}","templated":true}]}}