{"id":12922390,"date":"2020-12-18T10:11:33","date_gmt":"2020-12-18T09:11:33","guid":{"rendered":"https:\/\/agencia-asturias.com\/valoracion\/"},"modified":"2025-01-30T10:10:07","modified_gmt":"2025-01-30T09:10:07","slug":"valoracion","status":"publish","type":"page","link":"https:\/\/agencia-asturias.com\/de\/dienstleistungen\/bewertung\/","title":{"rendered":"Bewertung"},"content":{"rendered":"<div class=\"wpb-content-wrapper\"><p>[vc_row css=&#8220;.vc_custom_1608282832933{margin-top: 60px !important;margin-bottom: 60px !important;}&#8220;][vc_column][vc_column_text css=&#8220;&#8220;]<strong>Bei AGENCIA ASTURIAS haben wir Immobilienmakler, die dem Verband der Immobilienmakler des F\u00fcrstentums Asturien angeh\u00f6ren.<\/strong><\/p>\n<p>Diese Makler erstellen offizielle Immobilienbewertungs- und Bewertungsberichte auf der Grundlage der aktuellen Marktwerte aller Arten von Immobilien, sowohl l\u00e4ndlicher als auch st\u00e4dtischer Immobilien, f\u00fcr die Aktualisierung von Verm\u00f6genswerten, Wertsteigerungen oder -verlusten, gerichtliche und professionelle Interventionen usw. Niemand kann Sie besser als wir zu den wahren Marktwerten f\u00fchren.[\/vc_column_text][\/vc_column][\/vc_row][vc_row full_width=&#8220;stretch_row_content&#8220; css=&#8220;.vc_custom_1608292703639{background-image: url(http:\/\/agencia-asturias.com\/wp-content\/uploads\/2020\/12\/valoracion.jpg?id=59284) !important;background-position: center !important;background-repeat: no-repeat !important;background-size: cover !important;}&#8220;][vc_column][vc_empty_space height=&#8220;300px&#8220;][\/vc_column][\/vc_row]<\/p>\n<\/div>","protected":false},"excerpt":{"rendered":"<p>[vc_row css=&#8220;.vc_custom_1608282832933{margin-top: 60px !important;margin-bottom: 60px !important;}&#8220;][vc_column][vc_column_text css=&#8220;&#8220;]Bei AGENCIA ASTURIAS haben wir Immobilienmakler, die dem Verband der Immobilienmakler des F\u00fcrstentums Asturien angeh\u00f6ren. Diese Makler erstellen offizielle Immobilienbewertungs- und Bewertungsberichte auf der Grundlage der aktuellen Marktwerte aller Arten von Immobilien, sowohl l\u00e4ndlicher als auch st\u00e4dtischer Immobilien, f\u00fcr die Aktualisierung von Verm\u00f6genswerten, Wertsteigerungen oder -verlusten, gerichtliche und professionelle [&hellip;]<\/p>\n","protected":false},"author":2,"featured_media":0,"parent":12922398,"menu_order":0,"comment_status":"closed","ping_status":"closed","template":"template\/template-homepage.php","meta":{"footnotes":""},"class_list":["post-12922390","page","type-page","status-publish","hentry"],"_links":{"self":[{"href":"https:\/\/agencia-asturias.com\/de\/wp-json\/wp\/v2\/pages\/12922390","targetHints":{"allow":["GET"]}}],"collection":[{"href":"https:\/\/agencia-asturias.com\/de\/wp-json\/wp\/v2\/pages"}],"about":[{"href":"https:\/\/agencia-asturias.com\/de\/wp-json\/wp\/v2\/types\/page"}],"author":[{"embeddable":true,"href":"https:\/\/agencia-asturias.com\/de\/wp-json\/wp\/v2\/users\/2"}],"replies":[{"embeddable":true,"href":"https:\/\/agencia-asturias.com\/de\/wp-json\/wp\/v2\/comments?post=12922390"}],"version-history":[{"count":2,"href":"https:\/\/agencia-asturias.com\/de\/wp-json\/wp\/v2\/pages\/12922390\/revisions"}],"predecessor-version":[{"id":12949158,"href":"https:\/\/agencia-asturias.com\/de\/wp-json\/wp\/v2\/pages\/12922390\/revisions\/12949158"}],"up":[{"embeddable":true,"href":"https:\/\/agencia-asturias.com\/de\/wp-json\/wp\/v2\/pages\/12922398"}],"wp:attachment":[{"href":"https:\/\/agencia-asturias.com\/de\/wp-json\/wp\/v2\/media?parent=12922390"}],"curies":[{"name":"wp","href":"https:\/\/api.w.org\/{rel}","templated":true}]}}