{"id":12922398,"date":"2020-12-18T09:31:53","date_gmt":"2020-12-18T08:31:53","guid":{"rendered":"https:\/\/agencia-asturias.com\/servicios\/"},"modified":"2025-01-30T10:22:24","modified_gmt":"2025-01-30T09:22:24","slug":"servicios","status":"publish","type":"page","link":"https:\/\/agencia-asturias.com\/de\/dienstleistungen\/","title":{"rendered":"Dienstleistungen"},"content":{"rendered":"<div class=\"wpb-content-wrapper\"><p>[vc_row css=&#8220;.vc_custom_1608281271096{margin-top: 60px !important;padding-top: 40px !important;padding-bottom: 40px !important;}&#8220;][vc_column width=&#8220;1\/4&#8243;][vc_single_image image=&#8220;59352&#8243; img_size=&#8220;full&#8220;][\/vc_column][vc_column width=&#8220;3\/4&#8243;][vc_column_text css=&#8220;&#8220;]<\/p>\n<h2>IMMOBILIENVERWALTUNG<\/h2>\n<p>AGENCIA ASTURIAS verf\u00fcgt \u00fcber ein Team von registrierten Immobilienverwaltern und Experten f\u00fcr Immobilien-Asset-Management, die f\u00fcr die komplette Verwaltung der Immobilienverwaltung verantwortlich sind, sodass Sie die h\u00f6chste Rentabilit\u00e4t bei maximaler Sicherheit erzielen und genie\u00dfen k\u00f6nnen.<\/p>\n<p style=\"text-align: left;\"><a title=\"Lesen Sie weiter\" href=\"https:\/\/agencia-asturias.com\/de\/dienstleistungen\/immobilienverwaltung\/\">Mehr lesen<\/a><\/p>\n<p>[\/vc_column_text][\/vc_column][\/vc_row][vc_row css=&#8220;.vc_custom_1608281276005{padding-bottom: 40px !important;}&#8220;][vc_column width=&#8220;3\/4&#8243;][vc_column_text css=&#8220;&#8220;]<\/p>\n<h2>BEWERTUNG<\/h2>\n<p>Bei AGENCIA ASTURIAS haben wir Immobilienmakler, die dem Verband der Immobilienmakler des F\u00fcrstentums Asturien angeh\u00f6ren.<\/p>\n<p>Diese Makler erstellen offizielle Immobilienbewertungs- und Bewertungsberichte, basierend auf den aktuellen Marktwerten aller Arten von Immobilien.<\/p>\n<p><a href=\"https:\/\/agencia-asturias.com\/de\/dienstleistungen\/bewertung\/\">Mehr lesen<\/a>[\/vc_column_text][\/vc_column][vc_column width=&#8220;1\/4&#8243;][vc_single_image image=&#8220;59358&#8243; img_size=&#8220;full&#8220;][\/vc_column][\/vc_row][vc_row css=&#8220;.vc_custom_1608281281691{padding-bottom: 40px !important;}&#8220;][vc_column width=&#8220;1\/4&#8243;][vc_single_image image=&#8220;59357&#8243; img_size=&#8220;full&#8220;][\/vc_column][vc_column width=&#8220;3\/4&#8243;][vc_column_text css=&#8220;&#8220;]<\/p>\n<h2>NEUBAU<\/h2>\n<p>Das Marketing-Engagement umfasst alle notwendigen Schritte, die von der vorherigen Machbarkeitsstudie bis zur vollst\u00e4ndigen Verwaltung der Immobilienentwicklung durchgef\u00fchrt werden m\u00fcssen.<\/p>\n<p><a title=\"Lesen Sie weiter\" href=\"https:\/\/agencia-asturias.com\/de\/dienstleistungen\/neubau\/\">Mehr lesen<\/a>[\/vc_column_text][\/vc_column][\/vc_row][vc_row css=&#8220;.vc_custom_1608281304130{padding-bottom: 40px !important;}&#8220;][vc_column width=&#8220;3\/4&#8243;][vc_column_text css=&#8220;&#8220;]<\/p>\n<h2>ENERGIEZERTIFIZIERUNG<\/h2>\n<p>Der Energieausweis ist das Dokument, das die Energieeffizienz einer Immobilie beschreibt und das seit dem 1. Juni 2013 jedes Haus, Grundst\u00fcck, B\u00fcro oder Geb\u00e4ude f\u00fcr den Verkauf oder die Vermietung ben\u00f6tigt. Die G\u00fcltigkeit betr\u00e4gt zehn Jahre und der Eigent\u00fcmer ist f\u00fcr die Beantragung verantwortlich.<\/p>\n<p style=\"text-align: left;\"><a href=\"https:\/\/agencia-asturias.com\/de\/dienstleistungen\/energiezertifizierung\/\">Mehr lesen<\/a><\/p>\n<p>[\/vc_column_text][\/vc_column][vc_column width=&#8220;1\/4&#8243;][vc_single_image image=&#8220;59353&#8243; img_size=&#8220;full&#8220;][\/vc_column][\/vc_row][vc_row css=&#8220;.vc_custom_1608281310784{padding-bottom: 40px !important;}&#8220;][vc_column width=&#8220;1\/4&#8243;][vc_single_image image=&#8220;59354&#8243; img_size=&#8220;full&#8220;][\/vc_column][vc_column width=&#8220;3\/4&#8243;][vc_column_text css=&#8220;&#8220;]<\/p>\n<h2>UMFASSENDES MIETMANAGEMENT<\/h2>\n<p>Bei AGENCIA ASTURIAS verf\u00fcgen wir \u00fcber eine Immobilienverwaltungsabteilung f\u00fcr die umfassende Mietverwaltung. Wenn Sie kein Risiko eingehen wollen, wenn Sie keine Zeit haben, wenn Sie maximale Rentabilit\u00e4t anstreben, k\u00f6nnen wir Ihnen bei AGENCIA ASTURIAS sicherlich helfen, damit diese Vermietung ein profitabler Vorgang wird und kein Problem darstellt.<\/p>\n<p><a title=\"Lesen Sie weiter\" href=\"https:\/\/agencia-asturias.com\/de\/dienstleistungen\/umfassendes-mietmanagement\/\">Mehr lesen<\/a>[\/vc_column_text][\/vc_column][\/vc_row][vc_row css=&#8220;.vc_custom_1608281315755{padding-bottom: 40px !important;}&#8220;][vc_column width=&#8220;3\/4&#8243;][vc_column_text css=&#8220;&#8220;]<\/p>\n<h2>VERK\u00c4UFERLEITFADEN<\/h2>\n<p>Wenn Sie eine Immobilie besitzen und dar\u00fcber nachdenken, wie Sie durch den Verkauf die h\u00f6chste wirtschaftliche Rendite erzielen k\u00f6nnen, helfen wir Ihnen bei AGENCIA ASTURIAS gerne weiter und pr\u00fcfen alle M\u00f6glichkeiten, damit Sie dies tun k\u00f6nnen, ohne Angst vor Fehlern haben zu m\u00fcssen. . Denn f\u00fcr uns spielt Ihr Seelenfrieden keine Rolle.<\/p>\n<p><a href=\"https:\/\/agencia-asturias.com\/de\/dienstleistungen\/verkauferleitfaden\/\">Mehr lesen<\/a>[\/vc_column_text][\/vc_column][vc_column width=&#8220;1\/4&#8243;][vc_single_image image=&#8220;59355&#8243; img_size=&#8220;full&#8220;][\/vc_column][\/vc_row]<\/p>\n<\/div>","protected":false},"excerpt":{"rendered":"<p>[vc_row css=&#8220;.vc_custom_1608281271096{margin-top: 60px !important;padding-top: 40px !important;padding-bottom: 40px !important;}&#8220;][vc_column width=&#8220;1\/4&#8243;][vc_single_image image=&#8220;59352&#8243; img_size=&#8220;full&#8220;][\/vc_column][vc_column width=&#8220;3\/4&#8243;][vc_column_text css=&#8220;&#8220;] IMMOBILIENVERWALTUNG AGENCIA ASTURIAS verf\u00fcgt \u00fcber ein Team von registrierten Immobilienverwaltern und Experten f\u00fcr Immobilien-Asset-Management, die f\u00fcr die komplette Verwaltung der Immobilienverwaltung verantwortlich sind, sodass Sie die h\u00f6chste Rentabilit\u00e4t bei maximaler Sicherheit erzielen und genie\u00dfen k\u00f6nnen. Mehr lesen [\/vc_column_text][\/vc_column][\/vc_row][vc_row css=&#8220;.vc_custom_1608281276005{padding-bottom: 40px !important;}&#8220;][vc_column width=&#8220;3\/4&#8243;][vc_column_text [&hellip;]<\/p>\n","protected":false},"author":2,"featured_media":0,"parent":0,"menu_order":0,"comment_status":"closed","ping_status":"closed","template":"template\/template-homepage.php","meta":{"footnotes":""},"class_list":["post-12922398","page","type-page","status-publish","hentry"],"_links":{"self":[{"href":"https:\/\/agencia-asturias.com\/de\/wp-json\/wp\/v2\/pages\/12922398","targetHints":{"allow":["GET"]}}],"collection":[{"href":"https:\/\/agencia-asturias.com\/de\/wp-json\/wp\/v2\/pages"}],"about":[{"href":"https:\/\/agencia-asturias.com\/de\/wp-json\/wp\/v2\/types\/page"}],"author":[{"embeddable":true,"href":"https:\/\/agencia-asturias.com\/de\/wp-json\/wp\/v2\/users\/2"}],"replies":[{"embeddable":true,"href":"https:\/\/agencia-asturias.com\/de\/wp-json\/wp\/v2\/comments?post=12922398"}],"version-history":[{"count":3,"href":"https:\/\/agencia-asturias.com\/de\/wp-json\/wp\/v2\/pages\/12922398\/revisions"}],"predecessor-version":[{"id":12949159,"href":"https:\/\/agencia-asturias.com\/de\/wp-json\/wp\/v2\/pages\/12922398\/revisions\/12949159"}],"wp:attachment":[{"href":"https:\/\/agencia-asturias.com\/de\/wp-json\/wp\/v2\/media?parent=12922398"}],"curies":[{"name":"wp","href":"https:\/\/api.w.org\/{rel}","templated":true}]}}