{"id":12922448,"date":"2019-04-12T10:42:59","date_gmt":"2019-04-12T08:42:59","guid":{"rendered":"https:\/\/agencia-asturias.com\/politica-cookies\/"},"modified":"2025-01-29T15:20:38","modified_gmt":"2025-01-29T14:20:38","slug":"politica-cookies","status":"publish","type":"page","link":"https:\/\/agencia-asturias.com\/de\/cookie-richtlinie\/","title":{"rendered":"Cookie-Richtlinie"},"content":{"rendered":"<div class=\"wpb-content-wrapper\"><p>[vc_row][vc_column][vc_column_text css=&#8220;&#8220;]<\/p>\n<div class=\"ang-about-wrap\">\n<p>Ein Cookie ist eine Datei, die auf Ihren Computer heruntergeladen wird, wenn Sie auf bestimmte Webseiten zugreifen. Cookies erm\u00f6glichen es einer Website unter anderem, Informationen \u00fcber die Surfgewohnheiten eines Benutzers oder seiner Ger\u00e4te zu speichern und abzurufen. Abh\u00e4ngig von den darin enthaltenen Informationen und der Art und Weise, wie Sie Ihre Ger\u00e4te verwenden, k\u00f6nnen sie dazu verwendet werden, den Benutzer wiederzuerkennen. Der Browser des Benutzers speichert Cookies nur w\u00e4hrend der aktuellen Sitzung auf der Festplatte, beansprucht dabei nur minimalen Speicherplatz und schadet dem Computer nicht. Cookies enthalten keine spezifischen personenbezogenen Daten und werden zumeist nach Ende der Browsersitzung von der Festplatte gel\u00f6scht (sog. Sitzungscookies).<\/p>\n<p>Die meisten Browser akzeptieren standardm\u00e4\u00dfig Cookies und erlauben oder verhindern unabh\u00e4ngig davon in den Sicherheitseinstellungen tempor\u00e4re oder gespeicherte Cookies. Ohne Ihre ausdr\u00fcckliche Zustimmung \u2013 durch die Aktivierung von Cookies in Ihrem Browser \u2013 verkn\u00fcpft Agencia Asturias die gespeicherten Daten nicht in Cookies mit Ihren pers\u00f6nlichen Daten, die Sie zum Zeitpunkt der Registrierung oder des Kaufs angegeben haben.<\/p>\n<p><strong>Welche Arten von Cookies verwendet diese Website?<\/strong><\/p>\n<p>&nbsp;<\/p>\n<p>\u2013 Technische Cookies: Dabei handelt es sich um solche, die es dem Benutzer erm\u00f6glichen, durch eine Webseite, Plattform oder Anwendung zu navigieren und die verschiedenen dort vorhandenen Optionen oder Dienste zu nutzen, wie zum Beispiel die Steuerung des Datenverkehrs und der Datenkommunikation, die Identifizierung der Sitzung oder den eingeschr\u00e4nkten Zugriff Teile, erinnern Sie sich an die Elemente, aus denen eine Bestellung besteht, f\u00fchren Sie den Kaufvorgang einer Bestellung durch, stellen Sie einen Antrag auf Registrierung oder Teilnahme an einer Veranstaltung, verwenden Sie Sicherheitselemente w\u00e4hrend der Navigation, speichern Sie Inhalte zur Verbreitung von Videos oder Ton oder zum Teilen von Inhalten \u00fcber Netzwerke sozial.<\/p>\n<p>\u2013 Personalisierungs-Cookies: Dabei handelt es sich um Cookies, die es dem Benutzer erm\u00f6glichen, auf den Dienst mit einigen vordefinierten allgemeinen Merkmalen zuzugreifen, die auf einer Reihe von Kriterien auf dem Endger\u00e4t des Benutzers basieren, wie z. B. der Sprache, dem Browsertyp, \u00fcber den der Benutzer auf den Dienst zugreift, und dem Gebietsschema von wo aus Sie auf den Dienst zugreifen usw.<\/p>\n<p>\u2013 Analyse-Cookies: Hierbei handelt es sich um Cookies, die es uns, wenn sie von uns oder Dritten ordnungsgem\u00e4\u00df verarbeitet werden, erm\u00f6glichen, die Anzahl der Benutzer zu quantifizieren und so die Messung und statistische Analyse der Nutzung des angebotenen Dienstes durch die Benutzer durchzuf\u00fchren. Dazu wird Ihre Navigation auf unserer Website analysiert, um das Angebot der von uns angebotenen Produkte oder Dienstleistungen zu verbessern.<\/p>\n<p>\u2013 Werbe-Cookies: Hierbei handelt es sich um Cookies, die es uns, unabh\u00e4ngig davon, ob sie von uns oder von Dritten verarbeitet werden, erm\u00f6glichen, das Angebot von Werbefl\u00e4chen auf der Website so effizient wie m\u00f6glich zu verwalten und den Inhalt der Werbung an den Inhalt des angeforderten Dienstes anzupassen die Nutzung, die Sie von unserer Website vornehmen. Zu diesem Zweck k\u00f6nnen wir Ihr Surfverhalten im Internet analysieren und Ihnen Werbung im Zusammenhang mit Ihrem Browserprofil zeigen.<\/p>\n<p>\u2013 Verhaltensbezogene Werbe-Cookies: Hierbei handelt es sich um Cookies, die eine m\u00f6glichst effiziente Verwaltung der Werbefl\u00e4chen erm\u00f6glichen, die der Herausgeber gegebenenfalls in eine Webseite, Anwendung oder Plattform eingef\u00fcgt hat, von der aus der angeforderte Dienst bereitgestellt wird. Diese Cookies speichern Informationen \u00fcber das Nutzerverhalten, die durch kontinuierliche Beobachtung ihrer Surfgewohnheiten gewonnen werden, was die Entwicklung eines spezifischen Profils erm\u00f6glicht, um darauf basierende Werbung anzuzeigen.<\/p>\n<p>\u2013 Cookies von Drittanbietern: Die Website von Agencia Asturias kann Dienste von Drittanbietern nutzen, die im Auftrag von Agencia Asturias Informationen f\u00fcr statistische Zwecke, die Nutzung der Website durch den Benutzer und f\u00fcr die Bereitstellung anderer Dienste im Zusammenhang mit der Aktivit\u00e4t von sammeln die Website und andere Internetdienste.<\/p>\n<p>Diese Website nutzt insbesondere Google Analytics, einen Webanalysedienst von Google, Inc. mit Sitz in den Vereinigten Staaten und Hauptsitz in 1600 Amphitheatre Parkway, Mountain View, Kalifornien 94043. Zur Bereitstellung dieser Dienste werden Cookies verwendet, die Informationen sammeln, unter anderem die IP-Adresse des Nutzers, die von Google gem\u00e4\u00df den auf der Website Google.com festgelegten Bedingungen \u00fcbermittelt, verarbeitet und gespeichert wird. Dies gilt auch f\u00fcr die \u00dcbermittlung dieser Informationen an Dritte aus rechtlichen Gr\u00fcnden oder wenn diese Dritten die Daten im Auftrag von Google verarbeiten.<\/p>\n<p>Durch die Nutzung dieser Website akzeptiert der Nutzer ausdr\u00fccklich die Verarbeitung der gesammelten Informationen in der oben genannten Art und Weise und zu den oben genannten Zwecken. Sie erkennen au\u00dferdem an, dass Sie die M\u00f6glichkeit kennen, die Verarbeitung dieser Daten oder Informationen abzulehnen, indem Sie die Verwendung von Cookies ablehnen, indem Sie in Ihrem Browser die entsprechenden Einstellungen f\u00fcr diesen Zweck ausw\u00e4hlen. Allerdings erm\u00f6glicht Ihnen diese Cookie-Blockierungsoption in Ihrem Browser m\u00f6glicherweise nicht die vollst\u00e4ndige Nutzung aller Funktionen der Website.<\/p>\n<p>Sie k\u00f6nnen auf Ihrem Computer installierte Cookies zulassen, blockieren oder l\u00f6schen, indem Sie die Optionen des auf Ihrem Computer installierten Browsers konfigurieren.<\/p>\n<p>Wenn Sie Fragen zu dieser Cookie-Richtlinie haben, k\u00f6nnen Sie sich an Agencia Asturias wenden (info@agencia-asturias.com).<\/p>\n<\/div>\n<p>[\/vc_column_text][\/vc_column][\/vc_row]<\/p>\n<\/div>","protected":false},"excerpt":{"rendered":"<p>[vc_row][vc_column][vc_column_text css=&#8220;&#8220;] Ein Cookie ist eine Datei, die auf Ihren Computer heruntergeladen wird, wenn Sie auf bestimmte Webseiten zugreifen. Cookies erm\u00f6glichen es einer Website unter anderem, Informationen \u00fcber die Surfgewohnheiten eines Benutzers oder seiner Ger\u00e4te zu speichern und abzurufen. Abh\u00e4ngig von den darin enthaltenen Informationen und der Art und Weise, wie Sie Ihre Ger\u00e4te verwenden, [&hellip;]<\/p>\n","protected":false},"author":1,"featured_media":0,"parent":0,"menu_order":0,"comment_status":"closed","ping_status":"closed","template":"","meta":{"footnotes":""},"class_list":["post-12922448","page","type-page","status-publish","hentry"],"_links":{"self":[{"href":"https:\/\/agencia-asturias.com\/de\/wp-json\/wp\/v2\/pages\/12922448","targetHints":{"allow":["GET"]}}],"collection":[{"href":"https:\/\/agencia-asturias.com\/de\/wp-json\/wp\/v2\/pages"}],"about":[{"href":"https:\/\/agencia-asturias.com\/de\/wp-json\/wp\/v2\/types\/page"}],"author":[{"embeddable":true,"href":"https:\/\/agencia-asturias.com\/de\/wp-json\/wp\/v2\/users\/1"}],"replies":[{"embeddable":true,"href":"https:\/\/agencia-asturias.com\/de\/wp-json\/wp\/v2\/comments?post=12922448"}],"version-history":[{"count":2,"href":"https:\/\/agencia-asturias.com\/de\/wp-json\/wp\/v2\/pages\/12922448\/revisions"}],"predecessor-version":[{"id":12922451,"href":"https:\/\/agencia-asturias.com\/de\/wp-json\/wp\/v2\/pages\/12922448\/revisions\/12922451"}],"wp:attachment":[{"href":"https:\/\/agencia-asturias.com\/de\/wp-json\/wp\/v2\/media?parent=12922448"}],"curies":[{"name":"wp","href":"https:\/\/api.w.org\/{rel}","templated":true}]}}