{"id":12922454,"date":"2018-05-08T14:17:41","date_gmt":"2018-05-08T12:17:41","guid":{"rendered":"https:\/\/agencia-asturias.com\/agencia-asturias\/"},"modified":"2025-01-29T15:26:19","modified_gmt":"2025-01-29T14:26:19","slug":"agencia-asturias","status":"publish","type":"page","link":"https:\/\/agencia-asturias.com\/de\/agencia-asturias\/","title":{"rendered":"Die Agentur"},"content":{"rendered":"<div class=\"wpb-content-wrapper\"><p>[vc_row][vc_column width=&#8220;2\/3&#8243;][vc_empty_space height=&#8220;140&#8243;][vc_column_text css=&#8220;&#8220;]Dank der positiven Ergebnisse und guten professionellen Beziehungen im Laufe der Zeit verf\u00fcgt das Unternehmen bereits \u00fcber umfangreiche Erfahrung und ein anerkanntes Ansehen, sowohl mit erstklassigen regionalen, nationalen und internationalen Unternehmen als auch mit einzelnen Kunden, die Agencia Asturias vertraut haben. Vom ersten Moment an hat Agencia Asturias eng mit allen Finanzinstituten zusammengearbeitet.<\/p>\n<p>Der Schl\u00fcssel zu ihrem Erfolg liegt bei <strong>Agencia Asturias<\/strong> in der kontinuierlichen Aktualisierung mit Strategien, die Innovation und Technologie ber\u00fccksichtigen, sowie in der kontinuierlichen Schulung des menschlichen Teams, aus dem sie besteht.[\/vc_column_text][vc_column_text css=&#8220;&#8220;]Unsere Marke ist bekannt und zeichnet sich durch die Seriosit\u00e4t, Transparenz und Wirksamkeit der im gesamten Bestehen des Unternehmens durchgef\u00fchrten Bem\u00fchungen aus. Dank dessen sind wir stolz darauf, sagen zu k\u00f6nnen, dass wir Kunden haben, die wir bereits gewinnen konnten Wir helfen und beraten mehrere Generationen und nutzen unsere Dienste (Gro\u00dfeltern, Eltern und Kinder).[\/vc_column_text][\/vc_column][vc_column width=&#8220;1\/3&#8243;][vc_empty_space height=&#8220;85&#8243;][vc_single_image image=&#8220;3726&#8243; img_size=&#8220;full&#8220;][\/vc_column][\/vc_row][vc_row][vc_column width=&#8220;1\/6&#8243;][\/vc_column][vc_column width=&#8220;2\/3&#8243;][vc_empty_space height=&#8220;50px&#8220;][\/vc_column][vc_column width=&#8220;1\/6&#8243;][\/vc_column][\/vc_row][vc_row content_placement=&#8220;middle&#8220;][vc_column][vc_column_text css=&#8220;&#8220;]<\/p>\n<h1 class=\"p1\" style=\"margin-bottom: 5px; text-align: center;\">Lernen Sie unser Team kennen<\/h1>\n<p>[\/vc_column_text]\n        <!--start agents module-->\n        \n            <div class=\"agent-module module-4cols clearfix\">\n\n                <div class=\"agent-item\">\n\t<div class=\"agent-thumb\">\n\t\t<a href=\"https:\/\/agencia-asturias.com\/de\/agente\/veronica-alvarez\/\">\n\t\t\t<img decoding=\"async\" width=\"150\" height=\"150\" src=\"https:\/\/agencia-asturias.com\/wp-content\/uploads\/2021\/11\/Foto-Veronica_2021-scaled-e1637079802906-150x150.jpg\" class=\"img-fluid rounded-circle wp-post-image\" alt=\"\" srcset=\"https:\/\/agencia-asturias.com\/wp-content\/uploads\/2021\/11\/Foto-Veronica_2021-scaled-e1637079802906-150x150.jpg 150w, https:\/\/agencia-asturias.com\/wp-content\/uploads\/2021\/11\/Foto-Veronica_2021-scaled-e1637079802906-300x300.jpg 300w, https:\/\/agencia-asturias.com\/wp-content\/uploads\/2021\/11\/Foto-Veronica_2021-scaled-e1637079802906-1024x1024.jpg 1024w, https:\/\/agencia-asturias.com\/wp-content\/uploads\/2021\/11\/Foto-Veronica_2021-scaled-e1637079802906-768x768.jpg 768w, https:\/\/agencia-asturias.com\/wp-content\/uploads\/2021\/11\/Foto-Veronica_2021-scaled-e1637079802906-1536x1536.jpg 1536w, https:\/\/agencia-asturias.com\/wp-content\/uploads\/2021\/11\/Foto-Veronica_2021-scaled-e1637079802906-600x600.jpg 600w, https:\/\/agencia-asturias.com\/wp-content\/uploads\/2021\/11\/Foto-Veronica_2021-scaled-e1637079802906-496x496.jpg 496w\" sizes=\"(max-width: 150px) 100vw, 150px\" \/>\t\t<\/a>\n\t<\/div>\n\n\t<div class=\"agent-info\">\n\t\t<div class=\"agent-name\">\n\t\t\t<a href=\"https:\/\/agencia-asturias.com\/de\/agente\/veronica-alvarez\/\"><strong>Veronica Alvarez<\/strong><\/a>\n\t\t<\/div>\n\n\t\t<div class=\"agent-company\">\n\t\t\t                Gerente                            \t\t<\/div>\n\t<\/div>\n\t<div class=\"agent-body\">\n\t\t\t<\/div>\n\t<div class=\"agent-link\">\n\t\t<a href=\"https:\/\/agencia-asturias.com\/de\/agente\/veronica-alvarez\/\">Profil anzeigen<\/a>\n\t<\/div>\n<\/div><div class=\"agent-item\">\n\t<div class=\"agent-thumb\">\n\t\t<a href=\"https:\/\/agencia-asturias.com\/agente\/gonzalo-menendez\/\">\n\t\t\t<img decoding=\"async\" width=\"150\" height=\"150\" src=\"https:\/\/agencia-asturias.com\/wp-content\/uploads\/2024\/01\/Gonzalo-Baja-1-e1704912261866-150x150.jpg\" class=\"img-fluid rounded-circle wp-post-image\" alt=\"\" \/>\t\t<\/a>\n\t<\/div>\n\n\t<div class=\"agent-info\">\n\t\t<div class=\"agent-name\">\n\t\t\t<a href=\"https:\/\/agencia-asturias.com\/agente\/gonzalo-menendez\/\"><strong>Gonzalo Men\u00e9ndez<\/strong><\/a>\n\t\t<\/div>\n\n\t\t<div class=\"agent-company\">\n\t\t\t                Director Comercial                            \t\t<\/div>\n\t<\/div>\n\t<div class=\"agent-body\">\n\t\t\t<\/div>\n\t<div class=\"agent-link\">\n\t\t<a href=\"https:\/\/agencia-asturias.com\/agente\/gonzalo-menendez\/\">Profil anzeigen<\/a>\n\t<\/div>\n<\/div><div class=\"agent-item\">\n\t<div class=\"agent-thumb\">\n\t\t<a href=\"https:\/\/agencia-asturias.com\/de\/agente\/begona-bravo\/\">\n\t\t\t<img decoding=\"async\" width=\"150\" height=\"150\" src=\"https:\/\/agencia-asturias.com\/wp-content\/uploads\/2021\/11\/Foto-Begona_2021-scaled-e1637080291439-150x150.jpg\" class=\"img-fluid rounded-circle wp-post-image\" alt=\"\" srcset=\"https:\/\/agencia-asturias.com\/wp-content\/uploads\/2021\/11\/Foto-Begona_2021-scaled-e1637080291439-150x150.jpg 150w, https:\/\/agencia-asturias.com\/wp-content\/uploads\/2021\/11\/Foto-Begona_2021-scaled-e1637080291439-300x300.jpg 300w, https:\/\/agencia-asturias.com\/wp-content\/uploads\/2021\/11\/Foto-Begona_2021-scaled-e1637080291439-1024x1024.jpg 1024w, https:\/\/agencia-asturias.com\/wp-content\/uploads\/2021\/11\/Foto-Begona_2021-scaled-e1637080291439-768x768.jpg 768w, https:\/\/agencia-asturias.com\/wp-content\/uploads\/2021\/11\/Foto-Begona_2021-scaled-e1637080291439-1536x1536.jpg 1536w, https:\/\/agencia-asturias.com\/wp-content\/uploads\/2021\/11\/Foto-Begona_2021-scaled-e1637080291439-2048x2048.jpg 2048w, https:\/\/agencia-asturias.com\/wp-content\/uploads\/2021\/11\/Foto-Begona_2021-scaled-e1637080291439-600x600.jpg 600w, https:\/\/agencia-asturias.com\/wp-content\/uploads\/2021\/11\/Foto-Begona_2021-scaled-e1637080291439-496x496.jpg 496w\" sizes=\"(max-width: 150px) 100vw, 150px\" \/>\t\t<\/a>\n\t<\/div>\n\n\t<div class=\"agent-info\">\n\t\t<div class=\"agent-name\">\n\t\t\t<a href=\"https:\/\/agencia-asturias.com\/de\/agente\/begona-bravo\/\"><strong>Bego\u00f1a Bravo<\/strong><\/a>\n\t\t<\/div>\n\n\t\t<div class=\"agent-company\">\n\t\t\t\t\t<\/div>\n\t<\/div>\n\t<div class=\"agent-body\">\n\t\tDepartamento comercial\t<\/div>\n\t<div class=\"agent-link\">\n\t\t<a href=\"https:\/\/agencia-asturias.com\/de\/agente\/begona-bravo\/\">Profil anzeigen<\/a>\n\t<\/div>\n<\/div><div class=\"agent-item\">\n\t<div class=\"agent-thumb\">\n\t\t<a href=\"https:\/\/agencia-asturias.com\/de\/agente\/aleydis-gonzalez\/\">\n\t\t\t<img loading=\"lazy\" decoding=\"async\" width=\"150\" height=\"150\" src=\"https:\/\/agencia-asturias.com\/wp-content\/uploads\/2021\/11\/Foto-Aleydis_2021-scaled-e1637079702683-150x150.jpg\" class=\"img-fluid rounded-circle wp-post-image\" alt=\"\" srcset=\"https:\/\/agencia-asturias.com\/wp-content\/uploads\/2021\/11\/Foto-Aleydis_2021-scaled-e1637079702683-150x150.jpg 150w, https:\/\/agencia-asturias.com\/wp-content\/uploads\/2021\/11\/Foto-Aleydis_2021-scaled-e1637079702683-300x300.jpg 300w, https:\/\/agencia-asturias.com\/wp-content\/uploads\/2021\/11\/Foto-Aleydis_2021-scaled-e1637079702683-1024x1024.jpg 1024w, https:\/\/agencia-asturias.com\/wp-content\/uploads\/2021\/11\/Foto-Aleydis_2021-scaled-e1637079702683-768x768.jpg 768w, https:\/\/agencia-asturias.com\/wp-content\/uploads\/2021\/11\/Foto-Aleydis_2021-scaled-e1637079702683-1536x1536.jpg 1536w, https:\/\/agencia-asturias.com\/wp-content\/uploads\/2021\/11\/Foto-Aleydis_2021-scaled-e1637079702683-600x600.jpg 600w, https:\/\/agencia-asturias.com\/wp-content\/uploads\/2021\/11\/Foto-Aleydis_2021-scaled-e1637079702683-496x496.jpg 496w\" sizes=\"(max-width: 150px) 100vw, 150px\" \/>\t\t<\/a>\n\t<\/div>\n\n\t<div class=\"agent-info\">\n\t\t<div class=\"agent-name\">\n\t\t\t<a href=\"https:\/\/agencia-asturias.com\/de\/agente\/aleydis-gonzalez\/\"><strong>Aleydis Gonz\u00e1lez<\/strong><\/a>\n\t\t<\/div>\n\n\t\t<div class=\"agent-company\">\n\t\t\t\t\t<\/div>\n\t<\/div>\n\t<div class=\"agent-body\">\n\t\tDepartamento comercial\t<\/div>\n\t<div class=\"agent-link\">\n\t\t<a href=\"https:\/\/agencia-asturias.com\/de\/agente\/aleydis-gonzalez\/\">Profil anzeigen<\/a>\n\t<\/div>\n<\/div><div class=\"agent-item\">\n\t<div class=\"agent-thumb\">\n\t\t<a href=\"https:\/\/agencia-asturias.com\/de\/agente\/carlos-orbon\/\">\n\t\t\t<img loading=\"lazy\" decoding=\"async\" width=\"150\" height=\"150\" src=\"https:\/\/agencia-asturias.com\/wp-content\/uploads\/2021\/11\/Foto-Carlos_2021-scaled-e1637080229155-150x150.jpg\" class=\"img-fluid rounded-circle wp-post-image\" alt=\"\" srcset=\"https:\/\/agencia-asturias.com\/wp-content\/uploads\/2021\/11\/Foto-Carlos_2021-scaled-e1637080229155-150x150.jpg 150w, https:\/\/agencia-asturias.com\/wp-content\/uploads\/2021\/11\/Foto-Carlos_2021-scaled-e1637080229155-300x300.jpg 300w, https:\/\/agencia-asturias.com\/wp-content\/uploads\/2021\/11\/Foto-Carlos_2021-scaled-e1637080229155-1024x1024.jpg 1024w, https:\/\/agencia-asturias.com\/wp-content\/uploads\/2021\/11\/Foto-Carlos_2021-scaled-e1637080229155-768x768.jpg 768w, https:\/\/agencia-asturias.com\/wp-content\/uploads\/2021\/11\/Foto-Carlos_2021-scaled-e1637080229155-1536x1536.jpg 1536w, https:\/\/agencia-asturias.com\/wp-content\/uploads\/2021\/11\/Foto-Carlos_2021-scaled-e1637080229155-600x600.jpg 600w, https:\/\/agencia-asturias.com\/wp-content\/uploads\/2021\/11\/Foto-Carlos_2021-scaled-e1637080229155-496x496.jpg 496w\" sizes=\"(max-width: 150px) 100vw, 150px\" \/>\t\t<\/a>\n\t<\/div>\n\n\t<div class=\"agent-info\">\n\t\t<div class=\"agent-name\">\n\t\t\t<a href=\"https:\/\/agencia-asturias.com\/de\/agente\/carlos-orbon\/\"><strong>Carlos Orb\u00f3n<\/strong><\/a>\n\t\t<\/div>\n\n\t\t<div class=\"agent-company\">\n\t\t\t\t\t<\/div>\n\t<\/div>\n\t<div class=\"agent-body\">\n\t\tDepartamento comercial\t<\/div>\n\t<div class=\"agent-link\">\n\t\t<a href=\"https:\/\/agencia-asturias.com\/de\/agente\/carlos-orbon\/\">Profil anzeigen<\/a>\n\t<\/div>\n<\/div><div class=\"agent-item\">\n\t<div class=\"agent-thumb\">\n\t\t<a href=\"https:\/\/agencia-asturias.com\/de\/agente\/ma-pilar-sanchez\/\">\n\t\t\t<img loading=\"lazy\" decoding=\"async\" width=\"150\" height=\"150\" src=\"https:\/\/agencia-asturias.com\/wp-content\/uploads\/2021\/11\/Foto-Pilar_2021-scaled-e1637079899747-150x150.jpg\" class=\"img-fluid rounded-circle wp-post-image\" alt=\"\" srcset=\"https:\/\/agencia-asturias.com\/wp-content\/uploads\/2021\/11\/Foto-Pilar_2021-scaled-e1637079899747-150x150.jpg 150w, https:\/\/agencia-asturias.com\/wp-content\/uploads\/2021\/11\/Foto-Pilar_2021-scaled-e1637079899747-300x297.jpg 300w, https:\/\/agencia-asturias.com\/wp-content\/uploads\/2021\/11\/Foto-Pilar_2021-scaled-e1637079899747-606x600.jpg 606w\" sizes=\"(max-width: 150px) 100vw, 150px\" \/>\t\t<\/a>\n\t<\/div>\n\n\t<div class=\"agent-info\">\n\t\t<div class=\"agent-name\">\n\t\t\t<a href=\"https:\/\/agencia-asturias.com\/de\/agente\/ma-pilar-sanchez\/\"><strong>M\u00aa Pilar S\u00e1nchez<\/strong><\/a>\n\t\t<\/div>\n\n\t\t<div class=\"agent-company\">\n\t\t\t\t\t<\/div>\n\t<\/div>\n\t<div class=\"agent-body\">\n\t\tDepartamentos comercial\t<\/div>\n\t<div class=\"agent-link\">\n\t\t<a href=\"https:\/\/agencia-asturias.com\/de\/agente\/ma-pilar-sanchez\/\">Profil anzeigen<\/a>\n\t<\/div>\n<\/div><div class=\"agent-item\">\n\t<div class=\"agent-thumb\">\n\t\t<a href=\"https:\/\/agencia-asturias.com\/de\/agente\/sonia-pereira\/\">\n\t\t\t<img loading=\"lazy\" decoding=\"async\" width=\"150\" height=\"150\" src=\"https:\/\/agencia-asturias.com\/wp-content\/uploads\/2021\/11\/Foto-Sonia_2021-scaled-e1637079857715-150x150.jpg\" class=\"img-fluid rounded-circle wp-post-image\" alt=\"\" srcset=\"https:\/\/agencia-asturias.com\/wp-content\/uploads\/2021\/11\/Foto-Sonia_2021-scaled-e1637079857715-150x150.jpg 150w, https:\/\/agencia-asturias.com\/wp-content\/uploads\/2021\/11\/Foto-Sonia_2021-scaled-e1637079857715-300x300.jpg 300w, https:\/\/agencia-asturias.com\/wp-content\/uploads\/2021\/11\/Foto-Sonia_2021-scaled-e1637079857715-1024x1024.jpg 1024w, https:\/\/agencia-asturias.com\/wp-content\/uploads\/2021\/11\/Foto-Sonia_2021-scaled-e1637079857715-768x768.jpg 768w, https:\/\/agencia-asturias.com\/wp-content\/uploads\/2021\/11\/Foto-Sonia_2021-scaled-e1637079857715-1536x1536.jpg 1536w, https:\/\/agencia-asturias.com\/wp-content\/uploads\/2021\/11\/Foto-Sonia_2021-scaled-e1637079857715-600x600.jpg 600w, https:\/\/agencia-asturias.com\/wp-content\/uploads\/2021\/11\/Foto-Sonia_2021-scaled-e1637079857715-496x496.jpg 496w\" sizes=\"(max-width: 150px) 100vw, 150px\" \/>\t\t<\/a>\n\t<\/div>\n\n\t<div class=\"agent-info\">\n\t\t<div class=\"agent-name\">\n\t\t\t<a href=\"https:\/\/agencia-asturias.com\/de\/agente\/sonia-pereira\/\"><strong>Sonia Pereira<\/strong><\/a>\n\t\t<\/div>\n\n\t\t<div class=\"agent-company\">\n\t\t\t\t\t<\/div>\n\t<\/div>\n\t<div class=\"agent-body\">\n\t\tDepartamento Comercial\t<\/div>\n\t<div class=\"agent-link\">\n\t\t<a href=\"https:\/\/agencia-asturias.com\/de\/agente\/sonia-pereira\/\">Profil anzeigen<\/a>\n\t<\/div>\n<\/div><div class=\"agent-item\">\n\t<div class=\"agent-thumb\">\n\t\t<a href=\"https:\/\/agencia-asturias.com\/de\/agente\/eduardo-lopez\/\">\n\t\t\t<img loading=\"lazy\" decoding=\"async\" width=\"150\" height=\"150\" src=\"https:\/\/agencia-asturias.com\/wp-content\/uploads\/2021\/11\/Foto-Eduardo_2021-scaled-e1637080160264-150x150.jpg\" class=\"img-fluid rounded-circle wp-post-image\" alt=\"\" srcset=\"https:\/\/agencia-asturias.com\/wp-content\/uploads\/2021\/11\/Foto-Eduardo_2021-scaled-e1637080160264-150x150.jpg 150w, https:\/\/agencia-asturias.com\/wp-content\/uploads\/2021\/11\/Foto-Eduardo_2021-scaled-e1637080160264-300x300.jpg 300w, https:\/\/agencia-asturias.com\/wp-content\/uploads\/2021\/11\/Foto-Eduardo_2021-scaled-e1637080160264-1024x1024.jpg 1024w, https:\/\/agencia-asturias.com\/wp-content\/uploads\/2021\/11\/Foto-Eduardo_2021-scaled-e1637080160264-768x768.jpg 768w, https:\/\/agencia-asturias.com\/wp-content\/uploads\/2021\/11\/Foto-Eduardo_2021-scaled-e1637080160264-1536x1536.jpg 1536w, https:\/\/agencia-asturias.com\/wp-content\/uploads\/2021\/11\/Foto-Eduardo_2021-scaled-e1637080160264-600x600.jpg 600w, https:\/\/agencia-asturias.com\/wp-content\/uploads\/2021\/11\/Foto-Eduardo_2021-scaled-e1637080160264-496x496.jpg 496w\" sizes=\"(max-width: 150px) 100vw, 150px\" \/>\t\t<\/a>\n\t<\/div>\n\n\t<div class=\"agent-info\">\n\t\t<div class=\"agent-name\">\n\t\t\t<a href=\"https:\/\/agencia-asturias.com\/de\/agente\/eduardo-lopez\/\"><strong>Eduardo L\u00f3pez<\/strong><\/a>\n\t\t<\/div>\n\n\t\t<div class=\"agent-company\">\n\t\t\t\t\t<\/div>\n\t<\/div>\n\t<div class=\"agent-body\">\n\t\tDepartamento comercial\t<\/div>\n\t<div class=\"agent-link\">\n\t\t<a href=\"https:\/\/agencia-asturias.com\/de\/agente\/eduardo-lopez\/\">Profil anzeigen<\/a>\n\t<\/div>\n<\/div><div class=\"agent-item\">\n\t<div class=\"agent-thumb\">\n\t\t<a href=\"https:\/\/agencia-asturias.com\/de\/agente\/mercedes-del-pozo\/\">\n\t\t\t<img loading=\"lazy\" decoding=\"async\" width=\"150\" height=\"150\" src=\"https:\/\/agencia-asturias.com\/wp-content\/uploads\/2024\/08\/Retrato-Mercedes-Agencia-Asturias-1-scaled-e1723044168521-150x150.jpg\" class=\"img-fluid rounded-circle wp-post-image\" alt=\"\" srcset=\"https:\/\/agencia-asturias.com\/wp-content\/uploads\/2024\/08\/Retrato-Mercedes-Agencia-Asturias-1-scaled-e1723044168521-150x150.jpg 150w, https:\/\/agencia-asturias.com\/wp-content\/uploads\/2024\/08\/Retrato-Mercedes-Agencia-Asturias-1-scaled-e1723044168521.jpg 231w\" sizes=\"(max-width: 150px) 100vw, 150px\" \/>\t\t<\/a>\n\t<\/div>\n\n\t<div class=\"agent-info\">\n\t\t<div class=\"agent-name\">\n\t\t\t<a href=\"https:\/\/agencia-asturias.com\/de\/agente\/mercedes-del-pozo\/\"><strong>Mercedes del Pozo<\/strong><\/a>\n\t\t<\/div>\n\n\t\t<div class=\"agent-company\">\n\t\t\t\t\t<\/div>\n\t<\/div>\n\t<div class=\"agent-body\">\n\t\tDepartamento Comercial\t<\/div>\n\t<div class=\"agent-link\">\n\t\t<a href=\"https:\/\/agencia-asturias.com\/de\/agente\/mercedes-del-pozo\/\">Profil anzeigen<\/a>\n\t<\/div>\n<\/div><div class=\"agent-item\">\n\t<div class=\"agent-thumb\">\n\t\t<a href=\"https:\/\/agencia-asturias.com\/de\/agente\/ma-jose-fernandez\/\">\n\t\t\t<img loading=\"lazy\" decoding=\"async\" width=\"150\" height=\"150\" src=\"https:\/\/agencia-asturias.com\/wp-content\/uploads\/2021\/11\/Foto-Maria-Jose_2021-scaled-e1637080013547-150x150.jpg\" class=\"img-fluid rounded-circle wp-post-image\" alt=\"\" srcset=\"https:\/\/agencia-asturias.com\/wp-content\/uploads\/2021\/11\/Foto-Maria-Jose_2021-scaled-e1637080013547-150x150.jpg 150w, https:\/\/agencia-asturias.com\/wp-content\/uploads\/2021\/11\/Foto-Maria-Jose_2021-scaled-e1637080013547-300x300.jpg 300w, https:\/\/agencia-asturias.com\/wp-content\/uploads\/2021\/11\/Foto-Maria-Jose_2021-scaled-e1637080013547-1024x1024.jpg 1024w, https:\/\/agencia-asturias.com\/wp-content\/uploads\/2021\/11\/Foto-Maria-Jose_2021-scaled-e1637080013547-768x768.jpg 768w, https:\/\/agencia-asturias.com\/wp-content\/uploads\/2021\/11\/Foto-Maria-Jose_2021-scaled-e1637080013547-1536x1536.jpg 1536w, https:\/\/agencia-asturias.com\/wp-content\/uploads\/2021\/11\/Foto-Maria-Jose_2021-scaled-e1637080013547-600x600.jpg 600w, https:\/\/agencia-asturias.com\/wp-content\/uploads\/2021\/11\/Foto-Maria-Jose_2021-scaled-e1637080013547-496x496.jpg 496w\" sizes=\"(max-width: 150px) 100vw, 150px\" \/>\t\t<\/a>\n\t<\/div>\n\n\t<div class=\"agent-info\">\n\t\t<div class=\"agent-name\">\n\t\t\t<a href=\"https:\/\/agencia-asturias.com\/de\/agente\/ma-jose-fernandez\/\"><strong>M\u00aa Jos\u00e9 Fern\u00e1ndez<\/strong><\/a>\n\t\t<\/div>\n\n\t\t<div class=\"agent-company\">\n\t\t\t\t\t<\/div>\n\t<\/div>\n\t<div class=\"agent-body\">\n\t\tDepartamento comercial\t<\/div>\n\t<div class=\"agent-link\">\n\t\t<a href=\"https:\/\/agencia-asturias.com\/de\/agente\/ma-jose-fernandez\/\">Profil anzeigen<\/a>\n\t<\/div>\n<\/div>            <\/div><!-- agent-module -->\n\n                <!--end post agents module-->\n\n\n        [vc_empty_space height=&#8220;50px&#8220;][\/vc_column][\/vc_row]<\/p>\n<\/div>","protected":false},"excerpt":{"rendered":"<p>[vc_row][vc_column width=&#8220;2\/3&#8243;][vc_empty_space height=&#8220;140&#8243;][vc_column_text css=&#8220;&#8220;]Dank der positiven Ergebnisse und guten professionellen Beziehungen im Laufe der Zeit verf\u00fcgt das Unternehmen bereits \u00fcber umfangreiche Erfahrung und ein anerkanntes Ansehen, sowohl mit erstklassigen regionalen, nationalen und internationalen Unternehmen als auch mit einzelnen Kunden, die Agencia Asturias vertraut haben. Vom ersten Moment an hat Agencia Asturias eng mit allen Finanzinstituten [&hellip;]<\/p>\n","protected":false},"author":1,"featured_media":0,"parent":0,"menu_order":0,"comment_status":"closed","ping_status":"closed","template":"template\/template-homepage.php","meta":{"footnotes":""},"class_list":["post-12922454","page","type-page","status-publish","hentry"],"_links":{"self":[{"href":"https:\/\/agencia-asturias.com\/de\/wp-json\/wp\/v2\/pages\/12922454","targetHints":{"allow":["GET"]}}],"collection":[{"href":"https:\/\/agencia-asturias.com\/de\/wp-json\/wp\/v2\/pages"}],"about":[{"href":"https:\/\/agencia-asturias.com\/de\/wp-json\/wp\/v2\/types\/page"}],"author":[{"embeddable":true,"href":"https:\/\/agencia-asturias.com\/de\/wp-json\/wp\/v2\/users\/1"}],"replies":[{"embeddable":true,"href":"https:\/\/agencia-asturias.com\/de\/wp-json\/wp\/v2\/comments?post=12922454"}],"version-history":[{"count":2,"href":"https:\/\/agencia-asturias.com\/de\/wp-json\/wp\/v2\/pages\/12922454\/revisions"}],"predecessor-version":[{"id":12922458,"href":"https:\/\/agencia-asturias.com\/de\/wp-json\/wp\/v2\/pages\/12922454\/revisions\/12922458"}],"wp:attachment":[{"href":"https:\/\/agencia-asturias.com\/de\/wp-json\/wp\/v2\/media?parent=12922454"}],"curies":[{"name":"wp","href":"https:\/\/api.w.org\/{rel}","templated":true}]}}