{"id":12922470,"date":"2020-12-18T11:42:27","date_gmt":"2020-12-18T10:42:27","guid":{"rendered":"https:\/\/agencia-asturias.com\/aviso-legal\/"},"modified":"2025-01-29T15:39:24","modified_gmt":"2025-01-29T14:39:24","slug":"aviso-legal","status":"publish","type":"page","link":"https:\/\/agencia-asturias.com\/de\/rechtlicher-hinweis\/","title":{"rendered":"Rechtlicher Hinweis"},"content":{"rendered":"<div class=\"wpb-content-wrapper\"><p>[vc_row][vc_column][vc_column_text css=&#8220;.vc_custom_1738161560652{margin-top: 60px !important;margin-bottom: 60px !important;}&#8220;]<\/p>\n<div class=\"ang-about-wrap\">\n<p>In \u00dcbereinstimmung mit den Bestimmungen des Organgesetzes 15\/1999 vom 13. Dezember zum Schutz personenbezogener Daten (LOPD) informiert Agencia Asturias die Benutzer dar\u00fcber, dass die \u00fcber die Website www.agencia-asturias.com bereitgestellten Daten Teil einer automatisierten Verarbeitung werden Datei mit personenbezogenen Daten, deren Eigentum und Verantwortung der Agencia Asturias obliegt, wobei der Zweck ihrer Verarbeitung darin besteht, die verschiedenen Bestellungen bearbeiten und verwalten zu k\u00f6nnen, Anfragen und R\u00fcckfragen sowie die L\u00f6sung von Benutzerzweifeln sowie die M\u00f6glichkeit, statistische Studien durchzuf\u00fchren, die uns dabei helfen, den Betrieb der Website zu verbessern und Sie zeitnah auf dem Laufenden zu halten. Diese Informationen werden mit gr\u00f6\u00dfter Vertraulichkeit behandelt und auf einem sicheren Server gehostet. Eine Weitergabe Ihrer Daten an Dritte oder Unternehmen erfolgt in keinem Fall.<\/p>\n<p>Die Datei, in die Ihre Daten aufgenommen werden, entspricht allen technischen und organisatorischen Anforderungen des LOPD und des K\u00f6niglichen Erlasses 994\/1999 vom 11. Juni, mit dem die Verordnung \u00fcber Sicherheitsma\u00dfnahmen genehmigt wird, um die Sicherheit personenbezogener Daten zu gew\u00e4hrleisten , um deren Ver\u00e4nderung, Verlust sowie unbefugte Behandlung oder unbefugten Zugriff zu vermeiden.<\/p>\n<p>Alle Anspr\u00fcche, die sich aus der Datenverarbeitung durch die Agencia Asturias ergeben, k\u00f6nnen bei der Datenschutzbeh\u00f6rde eingereicht werden. Ebenso werden die Benutzer in Bezug auf die in der in dieser Datenschutzrichtlinie vorgesehenen Weise erhobenen Daten dar\u00fcber informiert, dass sie alle gesetzlich anerkannten Rechte aus\u00fcben k\u00f6nnen; insbesondere das Recht auf Zugang, Berichtigung, L\u00f6schung der Daten und Widerspruch. Diese Rechte k\u00f6nnen vom Nutzer oder gegebenenfalls von seinem Vertreter durch einen Antrag ausge\u00fcbt werden, der auf einem der folgenden Wege \u00fcbermittelt werden kann: E-Mail an comercial@agencia-asturias.com, schriftliche Mitteilung an Agencia Asturien, Asturien 3 \u2013 Gij\u00f3n \u2013 Asturien. Per Telefon unter der Nummer 985 344 999. Ihre E-Mail-Adresse wird nur dazu verwendet, Ihre \u00fcber die vorhandenen Formulare auf der Website gestellten Fragen zu beantworten und Sie \u00fcber Neuigkeiten zu informieren.<\/p>\n<p>Der Kunde kann sich daf\u00fcr entscheiden, keine relevanten und zeitnahen Nachrichten zu erhalten, indem er uns unter der E-Mail-Adresse comercial@agencia-asturias.com dar\u00fcber informiert. Wir verwenden die Telefonnummer f\u00fcr den Fall, dass es ein Problem mit der von Ihnen gesendeten Sendung oder Anfrage gibt und wir Sie nicht per E-Mail kontaktieren k\u00f6nnen. F\u00fcr weitere Informationen z\u00f6gern Sie bitte nicht, uns zu kontaktieren. Wir helfen Ihnen gerne unter folgenden Nummern weiter: \u2022Tel: 985 344 999<\/p>\n<\/div>\n<p>[\/vc_column_text][\/vc_column][\/vc_row]<\/p>\n<\/div>","protected":false},"excerpt":{"rendered":"<p>[vc_row][vc_column][vc_column_text css=&#8220;.vc_custom_1738161560652{margin-top: 60px !important;margin-bottom: 60px !important;}&#8220;] In \u00dcbereinstimmung mit den Bestimmungen des Organgesetzes 15\/1999 vom 13. Dezember zum Schutz personenbezogener Daten (LOPD) informiert Agencia Asturias die Benutzer dar\u00fcber, dass die \u00fcber die Website www.agencia-asturias.com bereitgestellten Daten Teil einer automatisierten Verarbeitung werden Datei mit personenbezogenen Daten, deren Eigentum und Verantwortung der Agencia Asturias obliegt, wobei der [&hellip;]<\/p>\n","protected":false},"author":2,"featured_media":0,"parent":0,"menu_order":0,"comment_status":"closed","ping_status":"closed","template":"","meta":{"footnotes":""},"class_list":["post-12922470","page","type-page","status-publish","hentry"],"_links":{"self":[{"href":"https:\/\/agencia-asturias.com\/de\/wp-json\/wp\/v2\/pages\/12922470","targetHints":{"allow":["GET"]}}],"collection":[{"href":"https:\/\/agencia-asturias.com\/de\/wp-json\/wp\/v2\/pages"}],"about":[{"href":"https:\/\/agencia-asturias.com\/de\/wp-json\/wp\/v2\/types\/page"}],"author":[{"embeddable":true,"href":"https:\/\/agencia-asturias.com\/de\/wp-json\/wp\/v2\/users\/2"}],"replies":[{"embeddable":true,"href":"https:\/\/agencia-asturias.com\/de\/wp-json\/wp\/v2\/comments?post=12922470"}],"version-history":[{"count":1,"href":"https:\/\/agencia-asturias.com\/de\/wp-json\/wp\/v2\/pages\/12922470\/revisions"}],"predecessor-version":[{"id":12922473,"href":"https:\/\/agencia-asturias.com\/de\/wp-json\/wp\/v2\/pages\/12922470\/revisions\/12922473"}],"wp:attachment":[{"href":"https:\/\/agencia-asturias.com\/de\/wp-json\/wp\/v2\/media?parent=12922470"}],"curies":[{"name":"wp","href":"https:\/\/api.w.org\/{rel}","templated":true}]}}